{"id":53491,"date":"2023-12-15T17:34:15","date_gmt":"2023-12-15T17:34:15","guid":{"rendered":"https:\/\/cleopatraweb.com\/?post_type=product&#038;p=53491"},"modified":"2025-06-04T11:08:56","modified_gmt":"2025-06-04T07:08:56","slug":"toa-a2120-amplifier-120w","status":"publish","type":"product","link":"https:\/\/cleopatraweb.com\/en\/product\/toa-a2120-amplifier-120w\/","title":{"rendered":"Toa A2120    Amplifier 120w"},"content":{"rendered":"<table id=\"spectable\">\n<tbody>\n<tr>\n<th>Power Source<\/th>\n<td>220 &#8211; 240 V AC, or 24 &#8211; 30 V DC<\/td>\n<\/tr>\n<tr>\n<th>Rated Output<\/th>\n<td>120 W<\/td>\n<\/tr>\n<tr>\n<th>Power Consumption<\/th>\n<td>124 W (EN60065), 260 W (AC operation at rated output),<br \/>\n8 A (DC operation at rated output)<\/td>\n<\/tr>\n<tr>\n<th>Frequency Response<\/th>\n<td>50 &#8211; 20,000 Hz (\u00b13 dB)<\/td>\n<\/tr>\n<tr>\n<th>Distortion<\/th>\n<td>Under 1% at 1 kHz, 1\/3 rated power<\/td>\n<\/tr>\n<tr>\n<th>Input<\/th>\n<td>MIC 1 &#8211; 3: -60 dB*, 600 \u03a9, balanced, phone jack<br \/>\nAUX 1,2: -20 dB*, 10 k\u03a9, unbalanced, RCA pin jack<\/td>\n<\/tr>\n<tr>\n<th>Output<\/th>\n<td>Speaker out: Balanced (floating)<br \/>\nHigh impedance: 83 \u03a9 (100 V), 42 \u03a9 (70 V)<br \/>\nLow impedance: 4 \u03a9 (22 V)<br \/>\nRec out: 0 dB*, 600 \u03a9, unbalanced, RCA pin jack<\/td>\n<\/tr>\n<tr>\n<th>Phantom Power<\/th>\n<td>DC +21 V (MIC 1)<\/td>\n<\/tr>\n<tr>\n<th>S\/N Ratio<\/th>\n<td>Over 60 dB<\/td>\n<\/tr>\n<tr>\n<th>Tone Control<\/th>\n<td>Bass: \u00b110 dB at 100 Hz<br \/>\nTreble: \u00b110 dB at 10 kHz<\/td>\n<\/tr>\n<tr>\n<th>Muting<\/th>\n<td>MIC 1: Mutes other input signals by 0 &#8211; 30 dB attenuation<\/td>\n<\/tr>\n<tr>\n<th>Indicator<\/th>\n<td>Power, signal, peak<\/td>\n<\/tr>\n<tr>\n<th>Finish<\/th>\n<td>Panel: ABS resin, black<br \/>\nCase: Steel plate, black<\/td>\n<\/tr>\n<tr>\n<th>Dimensions<\/th>\n<td>420 (W) \u00d7 100.9 (H) \u00d7 360.3 (D) mm (16.54&#8243; \u00d7 3.97&#8243; \u00d7 14.19&#8243;)<\/td>\n<\/tr>\n<tr>\n<th>Weight<\/th>\n<td>10.8 kg (23.81 lb)<\/td>\n<\/tr>\n<\/tbody>\n<\/table>\n","protected":false},"excerpt":{"rendered":"<p>The A-2120 is a high cost-performance mixer power amplifier suited for broadcasting paging or background music in schools, offices, shops, factories, mosques, churches, and large rooms.<\/p>\n","protected":false},"featured_media":72748,"comment_status":"open","ping_status":"closed","template":"","meta":{"_acf_changed":false,"_joinchat":[]},"pwb-brand":[],"product_brand":[],"product_cat":[719,706],"product_tag":[],"class_list":{"0":"post-53491","1":"product","2":"type-product","3":"status-publish","4":"has-post-thumbnail","6":"product_cat-amplifiers","7":"product_cat-music","8":"pa_is-featured-1-2","9":"pa_is-featured-1-1-3","10":"pa_is-used-item-0-5","11":"pa_product-image-size-0-3","12":"pa_product-page-type-default","14":"first","15":"instock","16":"taxable","17":"shipping-taxable","18":"purchasable","19":"product-type-simple"},"acf":[],"yoast_head":"<!-- This site is optimized with the Yoast SEO plugin v27.4 - https:\/\/yoast.com\/product\/yoast-seo-wordpress\/ -->\n<title>TOA A2120 AMPLIFIER 120W | TOA A2120 AMPLIFIER 120W Price in Oman 2024 | Buy Now TOA A2120 AMPLIFIER 120W from Cleopatra Oman Store with Best Price<\/title>\n<meta name=\"description\" content=\"TOA A2120 AMPLIFIER 120W |Know TOA A2120 AMPLIFIER 120W Price in Oman 2024 | Find updated price of TOA A2120 AMPLIFIER 120W in Oman with detailed specs &amp; features\" \/>\n<meta name=\"robots\" content=\"index, follow, max-snippet:-1, max-image-preview:large, max-video-preview:-1\" \/>\n<link rel=\"canonical\" href=\"https:\/\/cleopatraweb.com\/en\/product\/toa-a2120-amplifier-120w\/\" \/>\n<meta property=\"og:locale\" content=\"en_US\" \/>\n<meta property=\"og:type\" content=\"article\" \/>\n<meta property=\"og:title\" content=\"TOA A2120 AMPLIFIER 120W | TOA A2120 AMPLIFIER 120W Price in Oman 2024 | Buy Now TOA A2120 AMPLIFIER 120W from Cleopatra Oman Store with Best Price\" \/>\n<meta property=\"og:description\" content=\"TOA A2120 AMPLIFIER 120W |Know TOA A2120 AMPLIFIER 120W Price in Oman 2024 | Find updated price of TOA A2120 AMPLIFIER 120W in Oman with detailed specs &amp; features\" \/>\n<meta property=\"og:url\" content=\"https:\/\/cleopatraweb.com\/en\/product\/toa-a2120-amplifier-120w\/\" \/>\n<meta property=\"og:site_name\" content=\"Cleopatra Oman Online Shopping Oman\" \/>\n<meta property=\"article:publisher\" content=\"https:\/\/www.facebook.com\/cleopatrawebstore\" \/>\n<meta property=\"article:modified_time\" content=\"2025-06-04T07:08:56+00:00\" \/>\n<meta property=\"og:image\" content=\"https:\/\/cleopatraweb.com\/wp-content\/uploads\/2023\/12\/Untitled-design-2024-12-26T171327.504.png\" \/>\n\t<meta property=\"og:image:width\" content=\"800\" \/>\n\t<meta property=\"og:image:height\" content=\"800\" \/>\n\t<meta property=\"og:image:type\" content=\"image\/png\" \/>\n<meta name=\"twitter:card\" content=\"summary_large_image\" \/>\n<meta name=\"twitter:site\" content=\"@Cleopatra_Web\" \/>\n<meta name=\"twitter:label1\" content=\"Est. reading time\" \/>\n\t<meta name=\"twitter:data1\" content=\"1 minute\" \/>\n<script type=\"application\/ld+json\" class=\"yoast-schema-graph\">{\"@context\":\"https:\\\/\\\/schema.org\",\"@graph\":[{\"@type\":\"WebPage\",\"@id\":\"https:\\\/\\\/cleopatraweb.com\\\/en\\\/product\\\/toa-a2120-amplifier-120w\\\/\",\"url\":\"https:\\\/\\\/cleopatraweb.com\\\/en\\\/product\\\/toa-a2120-amplifier-120w\\\/\",\"name\":\"TOA A2120 AMPLIFIER 120W | TOA A2120 AMPLIFIER 120W Price in Oman 2024 | Buy Now TOA A2120 AMPLIFIER 120W from Cleopatra Oman Store with Best Price\",\"isPartOf\":{\"@id\":\"https:\\\/\\\/cleopatraweb.com\\\/en\\\/#website\"},\"primaryImageOfPage\":{\"@id\":\"https:\\\/\\\/cleopatraweb.com\\\/en\\\/product\\\/toa-a2120-amplifier-120w\\\/#primaryimage\"},\"image\":{\"@id\":\"https:\\\/\\\/cleopatraweb.com\\\/en\\\/product\\\/toa-a2120-amplifier-120w\\\/#primaryimage\"},\"thumbnailUrl\":\"https:\\\/\\\/cleopatraweb.com\\\/wp-content\\\/uploads\\\/2023\\\/12\\\/Untitled-design-2024-12-26T171327.504.png\",\"datePublished\":\"2023-12-15T17:34:15+00:00\",\"dateModified\":\"2025-06-04T07:08:56+00:00\",\"description\":\"TOA A2120 AMPLIFIER 120W |Know TOA A2120 AMPLIFIER 120W Price in Oman 2024 | Find updated price of TOA A2120 AMPLIFIER 120W in Oman with detailed specs & features\",\"breadcrumb\":{\"@id\":\"https:\\\/\\\/cleopatraweb.com\\\/en\\\/product\\\/toa-a2120-amplifier-120w\\\/#breadcrumb\"},\"inLanguage\":\"en-US\",\"potentialAction\":[{\"@type\":\"ReadAction\",\"target\":[\"https:\\\/\\\/cleopatraweb.com\\\/en\\\/product\\\/toa-a2120-amplifier-120w\\\/\"]}]},{\"@type\":\"ImageObject\",\"inLanguage\":\"en-US\",\"@id\":\"https:\\\/\\\/cleopatraweb.com\\\/en\\\/product\\\/toa-a2120-amplifier-120w\\\/#primaryimage\",\"url\":\"https:\\\/\\\/cleopatraweb.com\\\/wp-content\\\/uploads\\\/2023\\\/12\\\/Untitled-design-2024-12-26T171327.504.png\",\"contentUrl\":\"https:\\\/\\\/cleopatraweb.com\\\/wp-content\\\/uploads\\\/2023\\\/12\\\/Untitled-design-2024-12-26T171327.504.png\",\"width\":800,\"height\":800},{\"@type\":\"BreadcrumbList\",\"@id\":\"https:\\\/\\\/cleopatraweb.com\\\/en\\\/product\\\/toa-a2120-amplifier-120w\\\/#breadcrumb\",\"itemListElement\":[{\"@type\":\"ListItem\",\"position\":1,\"name\":\"Home\",\"item\":\"https:\\\/\\\/cleopatraweb.com\\\/en\\\/\"},{\"@type\":\"ListItem\",\"position\":2,\"name\":\"Shop\",\"item\":\"https:\\\/\\\/cleopatraweb.com\\\/en\\\/shop\\\/\"},{\"@type\":\"ListItem\",\"position\":3,\"name\":\"Toa A2120 Amplifier 120w\"}]},{\"@type\":\"WebSite\",\"@id\":\"https:\\\/\\\/cleopatraweb.com\\\/en\\\/#website\",\"url\":\"https:\\\/\\\/cleopatraweb.com\\\/en\\\/\",\"name\":\"Cleopatra Best Online Shopping Oman\",\"description\":\"Best Online Shopping in Oman\",\"potentialAction\":[{\"@type\":\"SearchAction\",\"target\":{\"@type\":\"EntryPoint\",\"urlTemplate\":\"https:\\\/\\\/cleopatraweb.com\\\/en\\\/?s={search_term_string}\"},\"query-input\":{\"@type\":\"PropertyValueSpecification\",\"valueRequired\":true,\"valueName\":\"search_term_string\"}}],\"inLanguage\":\"en-US\"}]}<\/script>\n<!-- \/ Yoast SEO plugin. -->","yoast_head_json":{"title":"TOA A2120 AMPLIFIER 120W | TOA A2120 AMPLIFIER 120W Price in Oman 2024 | Buy Now TOA A2120 AMPLIFIER 120W from Cleopatra Oman Store with Best Price","description":"TOA A2120 AMPLIFIER 120W |Know TOA A2120 AMPLIFIER 120W Price in Oman 2024 | Find updated price of TOA A2120 AMPLIFIER 120W in Oman with detailed specs & features","robots":{"index":"index","follow":"follow","max-snippet":"max-snippet:-1","max-image-preview":"max-image-preview:large","max-video-preview":"max-video-preview:-1"},"canonical":"https:\/\/cleopatraweb.com\/en\/product\/toa-a2120-amplifier-120w\/","og_locale":"en_US","og_type":"article","og_title":"TOA A2120 AMPLIFIER 120W | TOA A2120 AMPLIFIER 120W Price in Oman 2024 | Buy Now TOA A2120 AMPLIFIER 120W from Cleopatra Oman Store with Best Price","og_description":"TOA A2120 AMPLIFIER 120W |Know TOA A2120 AMPLIFIER 120W Price in Oman 2024 | Find updated price of TOA A2120 AMPLIFIER 120W in Oman with detailed specs & features","og_url":"https:\/\/cleopatraweb.com\/en\/product\/toa-a2120-amplifier-120w\/","og_site_name":"Cleopatra Oman Online Shopping Oman","article_publisher":"https:\/\/www.facebook.com\/cleopatrawebstore","article_modified_time":"2025-06-04T07:08:56+00:00","og_image":[{"width":800,"height":800,"url":"https:\/\/cleopatraweb.com\/wp-content\/uploads\/2023\/12\/Untitled-design-2024-12-26T171327.504.png","type":"image\/png"}],"twitter_card":"summary_large_image","twitter_site":"@Cleopatra_Web","twitter_misc":{"Est. reading time":"1 minute"},"schema":{"@context":"https:\/\/schema.org","@graph":[{"@type":"WebPage","@id":"https:\/\/cleopatraweb.com\/en\/product\/toa-a2120-amplifier-120w\/","url":"https:\/\/cleopatraweb.com\/en\/product\/toa-a2120-amplifier-120w\/","name":"TOA A2120 AMPLIFIER 120W | TOA A2120 AMPLIFIER 120W Price in Oman 2024 | Buy Now TOA A2120 AMPLIFIER 120W from Cleopatra Oman Store with Best Price","isPartOf":{"@id":"https:\/\/cleopatraweb.com\/en\/#website"},"primaryImageOfPage":{"@id":"https:\/\/cleopatraweb.com\/en\/product\/toa-a2120-amplifier-120w\/#primaryimage"},"image":{"@id":"https:\/\/cleopatraweb.com\/en\/product\/toa-a2120-amplifier-120w\/#primaryimage"},"thumbnailUrl":"https:\/\/cleopatraweb.com\/wp-content\/uploads\/2023\/12\/Untitled-design-2024-12-26T171327.504.png","datePublished":"2023-12-15T17:34:15+00:00","dateModified":"2025-06-04T07:08:56+00:00","description":"TOA A2120 AMPLIFIER 120W |Know TOA A2120 AMPLIFIER 120W Price in Oman 2024 | Find updated price of TOA A2120 AMPLIFIER 120W in Oman with detailed specs & features","breadcrumb":{"@id":"https:\/\/cleopatraweb.com\/en\/product\/toa-a2120-amplifier-120w\/#breadcrumb"},"inLanguage":"en-US","potentialAction":[{"@type":"ReadAction","target":["https:\/\/cleopatraweb.com\/en\/product\/toa-a2120-amplifier-120w\/"]}]},{"@type":"ImageObject","inLanguage":"en-US","@id":"https:\/\/cleopatraweb.com\/en\/product\/toa-a2120-amplifier-120w\/#primaryimage","url":"https:\/\/cleopatraweb.com\/wp-content\/uploads\/2023\/12\/Untitled-design-2024-12-26T171327.504.png","contentUrl":"https:\/\/cleopatraweb.com\/wp-content\/uploads\/2023\/12\/Untitled-design-2024-12-26T171327.504.png","width":800,"height":800},{"@type":"BreadcrumbList","@id":"https:\/\/cleopatraweb.com\/en\/product\/toa-a2120-amplifier-120w\/#breadcrumb","itemListElement":[{"@type":"ListItem","position":1,"name":"Home","item":"https:\/\/cleopatraweb.com\/en\/"},{"@type":"ListItem","position":2,"name":"Shop","item":"https:\/\/cleopatraweb.com\/en\/shop\/"},{"@type":"ListItem","position":3,"name":"Toa A2120 Amplifier 120w"}]},{"@type":"WebSite","@id":"https:\/\/cleopatraweb.com\/en\/#website","url":"https:\/\/cleopatraweb.com\/en\/","name":"Cleopatra Best Online Shopping Oman","description":"Best Online Shopping in Oman","potentialAction":[{"@type":"SearchAction","target":{"@type":"EntryPoint","urlTemplate":"https:\/\/cleopatraweb.com\/en\/?s={search_term_string}"},"query-input":{"@type":"PropertyValueSpecification","valueRequired":true,"valueName":"search_term_string"}}],"inLanguage":"en-US"}]}},"brands":[],"_links":{"self":[{"href":"https:\/\/cleopatraweb.com\/en\/wp-json\/wp\/v2\/product\/53491","targetHints":{"allow":["GET"]}}],"collection":[{"href":"https:\/\/cleopatraweb.com\/en\/wp-json\/wp\/v2\/product"}],"about":[{"href":"https:\/\/cleopatraweb.com\/en\/wp-json\/wp\/v2\/types\/product"}],"replies":[{"embeddable":true,"href":"https:\/\/cleopatraweb.com\/en\/wp-json\/wp\/v2\/comments?post=53491"}],"wp:featuredmedia":[{"embeddable":true,"href":"https:\/\/cleopatraweb.com\/en\/wp-json\/wp\/v2\/media\/72748"}],"wp:attachment":[{"href":"https:\/\/cleopatraweb.com\/en\/wp-json\/wp\/v2\/media?parent=53491"}],"wp:term":[{"taxonomy":"pwb-brand","embeddable":true,"href":"https:\/\/cleopatraweb.com\/en\/wp-json\/wp\/v2\/pwb-brand?post=53491"},{"taxonomy":"product_brand","embeddable":true,"href":"https:\/\/cleopatraweb.com\/en\/wp-json\/wp\/v2\/product_brand?post=53491"},{"taxonomy":"product_cat","embeddable":true,"href":"https:\/\/cleopatraweb.com\/en\/wp-json\/wp\/v2\/product_cat?post=53491"},{"taxonomy":"product_tag","embeddable":true,"href":"https:\/\/cleopatraweb.com\/en\/wp-json\/wp\/v2\/product_tag?post=53491"}],"curies":[{"name":"wp","href":"https:\/\/api.w.org\/{rel}","templated":true}]}}