{"id":31883,"date":"2021-08-02T13:14:40","date_gmt":"2021-08-02T13:14:40","guid":{"rendered":"https:\/\/cleopatraweb.com\/?post_type=product&#038;p=31883"},"modified":"2024-08-19T08:16:16","modified_gmt":"2024-08-19T08:16:16","slug":"nintendo-switch-powera-enhanced-wired-controller-pokemon-pikachu-neon","status":"publish","type":"product","link":"https:\/\/cleopatraweb.com\/en\/product\/nintendo-switch-powera-enhanced-wired-controller-pokemon-pikachu-neon\/","title":{"rendered":"Nintendo Switch PowerA Enhanced Wired Controller Pok\u00e9mon Pikachu Neon"},"content":{"rendered":"<p>\u062a\u0639\u0631\u0641 \u0639\u0644\u0649 \u0645\u0645\u064a\u0632\u0627\u062a \u0648\u0639\u064a\u0648\u0628 Nintendo Switch PowerA Enhanced Wired Controller Pok\u00e9mon Pikachu Neon \u0645\u0646 \u0634\u0631\u0643\u0629 Nintendo Switch \u0645\u0646 \u062e\u0644\u0627\u0644 \u0645\u062a\u062c\u0631 \u0643\u0644\u064a\u0648\u0628\u0627\u062a\u0631\u0627 \u0639\u0645\u0627\u0646\u060c \u0643\u0645\u0627 \u064a\u0645\u0643\u0646\u0643 \u0645\u0639\u0631\u0641\u0629 \u062e\u0635\u0627\u0626\u0635 \u0648\u0645\u0645\u064a\u0632\u0627\u062a \u0648\u0623\u062f\u0627\u0621 \u0648\u0645\u0648\u0627\u0635\u0641\u0627\u062a Nintendo Switch PowerA Enhanced Wired Controller Pok\u00e9mon Pikachu Neon \u0627\u0644\u0630\u064a \u062a\u0642\u062f\u0645\u0647 \u0634\u0631\u0643\u0629 Nintendo Switch \u0628\u0627\u0644\u0625\u0636\u0627\u0641\u0629 \u0625\u0644\u0649 \u0623\u0646\u0647 \u064a\u0645\u0643\u0646\u0643 \u0645\u0646 \u062e\u0644\u0627\u0644 \u0643\u0644\u064a\u0648\u0628\u0627\u062a\u0631\u0627 \u0645\u0639\u0631\u0641\u0629 \u0623\u062d\u062f\u062b \u0633\u0639\u0631 \u0644\u0640 Nintendo Switch PowerA Enhanced Wired Controller Pok\u00e9mon Pikachu Neon \u0641\u064a 2024 \u0648\u064a\u0645\u0643\u0646\u0643 \u0637\u0644\u0628\u0647 \u0645\u0646 \u062e\u0644\u0627\u0644 \u0637\u0631\u0642 \u0627\u0644\u062a\u0648\u0627\u0635\u0644 \u0627\u0644\u0645\u062a\u0627\u062d\u0629 \u0623\u0645\u0627\u0645\u0643\u060c \u0648\u0644\u062f\u064a\u0646\u0627 \u0641\u0631\u064a\u0642 \u0645\u0646 \u0627\u0644\u062e\u0628\u0631\u0627\u0621 \u0627\u0644\u0630\u064a \u064a\u0633\u062a\u0637\u064a\u0639 \u0625\u0631\u0634\u0627\u062f\u0643 \u0641\u064a \u0639\u0645\u0644\u064a\u0629 \u0627\u0644\u0634\u0631\u0627\u0621 \u0633\u0648\u0627\u0621 \u0643\u0627\u0646 \u0627\u0644\u0645\u0646\u062a\u062c \u0627\u0644\u0630\u064a \u062a\u0631\u063a\u0628 \u0628\u0647 Nintendo Switch PowerA Enhanced Wired Controller Pok\u00e9mon Pikachu Neon \u0623\u0648 \u063a\u064a\u0631\u0647 \u0645\u0646 \u0627\u0644\u0645\u0646\u062a\u062c\u0627\u062a \u0627\u0644\u062a\u064a \u062a\u0631\u064a\u062f\u0647\u0627 \u0641\u064a \u0623\u064a \u0645\u0646\u0637\u0642\u0629 \u0641\u064a \u0633\u0644\u0637\u0646\u0629 \u0639\u0645\u0627\u0646\u060c \u0648\u0647\u0646\u0627 \u0633\u0639\u0631 \u0627\u0644\u0645\u0646\u062a\u062c 17.9 \u0641\u064a 2024 \u062d\u0627\u0644\u064a\u0627 \u0648\u064a\u0645\u0643\u0646\u0643 \u0627\u0644\u0622\u0646 \u0627\u0644\u062a\u0648\u0627\u0635\u0644 \u0648\u0627\u0644\u0627\u0633\u062a\u0641\u0633\u0627\u0631 \u0639\u0646 \u0623\u064a \u0645\u0646\u062a\u062c\u0627\u062a \u062a\u0631\u063a\u0628 \u0628\u0647\u0627<\/p>\n","protected":false},"excerpt":{"rendered":"<p>Perfect for Pok\u00e9mon fans, this officially licensed PowerA Enhanced Wireless Controller for Nintendo Switch features a neon Pikachu design, motion controls* and two mappable Advanced Gaming Buttons.<\/p>\n","protected":false},"featured_media":31884,"comment_status":"open","ping_status":"open","template":"","meta":{"_acf_changed":false,"_joinchat":[]},"pwb-brand":[1891],"product_brand":[1890],"product_cat":[645,2687],"product_tag":[],"class_list":{"0":"post-31883","1":"product","2":"type-product","3":"status-publish","4":"has-post-thumbnail","6":"pwb-brand-nintendo-switch-2","7":"product_brand-nintendo-switch","8":"product_cat-electronics","9":"product_cat-gaming-consoles","10":"pa_is-featured-0-2","11":"pa_is-featured-1-0-4","12":"pa_is-used-item-0-5","13":"pa_product-image-size-0-3","14":"pa_product-page-type-default","16":"first","17":"instock","18":"taxable","19":"shipping-taxable","20":"purchasable","21":"product-type-simple"},"acf":[],"yoast_head":"<!-- This site is optimized with the Yoast SEO plugin v27.4 - https:\/\/yoast.com\/product\/yoast-seo-wordpress\/ -->\n<title>Nintendo Switch PowerA Enhanced Wired Controller Pok\u00e9mon Pikachu Neon | Nintendo Switch PowerA Enhanced Wired Controller Pok\u00e9mon Pikachu Neon Price in Oman 2024 | Buy Now Nintendo Switch PowerA Enhanced Wired Controller Pok\u00e9mon Pikachu Neon from Cleopatra<\/title>\n<meta name=\"description\" content=\"Nintendo Switch PowerA Enhanced Wired Controller Pok\u00e9mon Pikachu Neon |Know Nintendo Switch PowerA Enhanced Wired Controller Pok\u00e9mon Pikachu Neon Price in Oman 2024 | Find updated price of Nintendo Switch PowerA Enhanced Wired Controller Pok\u00e9mon Pikachu N\" \/>\n<meta name=\"robots\" content=\"index, follow, max-snippet:-1, max-image-preview:large, max-video-preview:-1\" \/>\n<link rel=\"canonical\" href=\"https:\/\/cleopatraweb.com\/en\/product\/nintendo-switch-powera-enhanced-wired-controller-pokemon-pikachu-neon\/\" \/>\n<meta property=\"og:locale\" content=\"en_US\" \/>\n<meta property=\"og:type\" content=\"article\" \/>\n<meta property=\"og:title\" content=\"Nintendo Switch PowerA Enhanced Wired Controller Pok\u00e9mon Pikachu Neon | Nintendo Switch PowerA Enhanced Wired Controller Pok\u00e9mon Pikachu Neon Price in Oman 2024 | Buy Now Nintendo Switch PowerA Enhanced Wired Controller Pok\u00e9mon Pikachu Neon from Cleopatra\" \/>\n<meta property=\"og:description\" content=\"Nintendo Switch PowerA Enhanced Wired Controller Pok\u00e9mon Pikachu Neon |Know Nintendo Switch PowerA Enhanced Wired Controller Pok\u00e9mon Pikachu Neon Price in Oman 2024 | Find updated price of Nintendo Switch PowerA Enhanced Wired Controller Pok\u00e9mon Pikachu N\" \/>\n<meta property=\"og:url\" content=\"https:\/\/cleopatraweb.com\/en\/product\/nintendo-switch-powera-enhanced-wired-controller-pokemon-pikachu-neon\/\" \/>\n<meta property=\"og:site_name\" content=\"Cleopatra Oman Online Shopping Oman\" \/>\n<meta property=\"article:publisher\" content=\"https:\/\/www.facebook.com\/cleopatrawebstore\" \/>\n<meta property=\"article:modified_time\" content=\"2024-08-19T08:16:16+00:00\" \/>\n<meta property=\"og:image\" content=\"https:\/\/cleopatraweb.com\/wp-content\/uploads\/2021\/08\/products-nintendo_switch_powera_enhanced_wired_controller_pokemon_pikachu_neon_1.jpg\" \/>\n\t<meta property=\"og:image:width\" content=\"800\" \/>\n\t<meta property=\"og:image:height\" content=\"800\" \/>\n\t<meta property=\"og:image:type\" content=\"image\/jpeg\" \/>\n<meta name=\"twitter:card\" content=\"summary_large_image\" \/>\n<meta name=\"twitter:site\" content=\"@Cleopatra_Web\" \/>\n<script type=\"application\/ld+json\" class=\"yoast-schema-graph\">{\"@context\":\"https:\\\/\\\/schema.org\",\"@graph\":[{\"@type\":\"WebPage\",\"@id\":\"https:\\\/\\\/cleopatraweb.com\\\/en\\\/product\\\/nintendo-switch-powera-enhanced-wired-controller-pokemon-pikachu-neon\\\/\",\"url\":\"https:\\\/\\\/cleopatraweb.com\\\/en\\\/product\\\/nintendo-switch-powera-enhanced-wired-controller-pokemon-pikachu-neon\\\/\",\"name\":\"Nintendo Switch PowerA Enhanced Wired Controller Pok\u00e9mon Pikachu Neon | Nintendo Switch PowerA Enhanced Wired Controller Pok\u00e9mon Pikachu Neon Price in Oman 2024 | Buy Now Nintendo Switch PowerA Enhanced Wired Controller Pok\u00e9mon Pikachu Neon from Cleopatra\",\"isPartOf\":{\"@id\":\"https:\\\/\\\/cleopatraweb.com\\\/en\\\/#website\"},\"primaryImageOfPage\":{\"@id\":\"https:\\\/\\\/cleopatraweb.com\\\/en\\\/product\\\/nintendo-switch-powera-enhanced-wired-controller-pokemon-pikachu-neon\\\/#primaryimage\"},\"image\":{\"@id\":\"https:\\\/\\\/cleopatraweb.com\\\/en\\\/product\\\/nintendo-switch-powera-enhanced-wired-controller-pokemon-pikachu-neon\\\/#primaryimage\"},\"thumbnailUrl\":\"https:\\\/\\\/cleopatraweb.com\\\/wp-content\\\/uploads\\\/2021\\\/08\\\/products-nintendo_switch_powera_enhanced_wired_controller_pokemon_pikachu_neon_1.jpg\",\"datePublished\":\"2021-08-02T13:14:40+00:00\",\"dateModified\":\"2024-08-19T08:16:16+00:00\",\"description\":\"Nintendo Switch PowerA Enhanced Wired Controller Pok\u00e9mon Pikachu Neon |Know Nintendo Switch PowerA Enhanced Wired Controller Pok\u00e9mon Pikachu Neon Price in Oman 2024 | Find updated price of Nintendo Switch PowerA Enhanced Wired Controller Pok\u00e9mon Pikachu N\",\"breadcrumb\":{\"@id\":\"https:\\\/\\\/cleopatraweb.com\\\/en\\\/product\\\/nintendo-switch-powera-enhanced-wired-controller-pokemon-pikachu-neon\\\/#breadcrumb\"},\"inLanguage\":\"en-US\",\"potentialAction\":[{\"@type\":\"ReadAction\",\"target\":[\"https:\\\/\\\/cleopatraweb.com\\\/en\\\/product\\\/nintendo-switch-powera-enhanced-wired-controller-pokemon-pikachu-neon\\\/\"]}]},{\"@type\":\"ImageObject\",\"inLanguage\":\"en-US\",\"@id\":\"https:\\\/\\\/cleopatraweb.com\\\/en\\\/product\\\/nintendo-switch-powera-enhanced-wired-controller-pokemon-pikachu-neon\\\/#primaryimage\",\"url\":\"https:\\\/\\\/cleopatraweb.com\\\/wp-content\\\/uploads\\\/2021\\\/08\\\/products-nintendo_switch_powera_enhanced_wired_controller_pokemon_pikachu_neon_1.jpg\",\"contentUrl\":\"https:\\\/\\\/cleopatraweb.com\\\/wp-content\\\/uploads\\\/2021\\\/08\\\/products-nintendo_switch_powera_enhanced_wired_controller_pokemon_pikachu_neon_1.jpg\",\"width\":800,\"height\":800},{\"@type\":\"BreadcrumbList\",\"@id\":\"https:\\\/\\\/cleopatraweb.com\\\/en\\\/product\\\/nintendo-switch-powera-enhanced-wired-controller-pokemon-pikachu-neon\\\/#breadcrumb\",\"itemListElement\":[{\"@type\":\"ListItem\",\"position\":1,\"name\":\"Home\",\"item\":\"https:\\\/\\\/cleopatraweb.com\\\/en\\\/\"},{\"@type\":\"ListItem\",\"position\":2,\"name\":\"Shop\",\"item\":\"https:\\\/\\\/cleopatraweb.com\\\/en\\\/shop\\\/\"},{\"@type\":\"ListItem\",\"position\":3,\"name\":\"Nintendo Switch PowerA Enhanced Wired Controller Pok\u00e9mon Pikachu Neon\"}]},{\"@type\":\"WebSite\",\"@id\":\"https:\\\/\\\/cleopatraweb.com\\\/en\\\/#website\",\"url\":\"https:\\\/\\\/cleopatraweb.com\\\/en\\\/\",\"name\":\"Cleopatra Best Online Shopping Oman\",\"description\":\"Best Online Shopping in Oman\",\"potentialAction\":[{\"@type\":\"SearchAction\",\"target\":{\"@type\":\"EntryPoint\",\"urlTemplate\":\"https:\\\/\\\/cleopatraweb.com\\\/en\\\/?s={search_term_string}\"},\"query-input\":{\"@type\":\"PropertyValueSpecification\",\"valueRequired\":true,\"valueName\":\"search_term_string\"}}],\"inLanguage\":\"en-US\"}]}<\/script>\n<!-- \/ Yoast SEO plugin. -->","yoast_head_json":{"title":"Nintendo Switch PowerA Enhanced Wired Controller Pok\u00e9mon Pikachu Neon | Nintendo Switch PowerA Enhanced Wired Controller Pok\u00e9mon Pikachu Neon Price in Oman 2024 | Buy Now Nintendo Switch PowerA Enhanced Wired Controller Pok\u00e9mon Pikachu Neon from Cleopatra","description":"Nintendo Switch PowerA Enhanced Wired Controller Pok\u00e9mon Pikachu Neon |Know Nintendo Switch PowerA Enhanced Wired Controller Pok\u00e9mon Pikachu Neon Price in Oman 2024 | Find updated price of Nintendo Switch PowerA Enhanced Wired Controller Pok\u00e9mon Pikachu N","robots":{"index":"index","follow":"follow","max-snippet":"max-snippet:-1","max-image-preview":"max-image-preview:large","max-video-preview":"max-video-preview:-1"},"canonical":"https:\/\/cleopatraweb.com\/en\/product\/nintendo-switch-powera-enhanced-wired-controller-pokemon-pikachu-neon\/","og_locale":"en_US","og_type":"article","og_title":"Nintendo Switch PowerA Enhanced Wired Controller Pok\u00e9mon Pikachu Neon | Nintendo Switch PowerA Enhanced Wired Controller Pok\u00e9mon Pikachu Neon Price in Oman 2024 | Buy Now Nintendo Switch PowerA Enhanced Wired Controller Pok\u00e9mon Pikachu Neon from Cleopatra","og_description":"Nintendo Switch PowerA Enhanced Wired Controller Pok\u00e9mon Pikachu Neon |Know Nintendo Switch PowerA Enhanced Wired Controller Pok\u00e9mon Pikachu Neon Price in Oman 2024 | Find updated price of Nintendo Switch PowerA Enhanced Wired Controller Pok\u00e9mon Pikachu N","og_url":"https:\/\/cleopatraweb.com\/en\/product\/nintendo-switch-powera-enhanced-wired-controller-pokemon-pikachu-neon\/","og_site_name":"Cleopatra Oman Online Shopping Oman","article_publisher":"https:\/\/www.facebook.com\/cleopatrawebstore","article_modified_time":"2024-08-19T08:16:16+00:00","og_image":[{"width":800,"height":800,"url":"https:\/\/cleopatraweb.com\/wp-content\/uploads\/2021\/08\/products-nintendo_switch_powera_enhanced_wired_controller_pokemon_pikachu_neon_1.jpg","type":"image\/jpeg"}],"twitter_card":"summary_large_image","twitter_site":"@Cleopatra_Web","schema":{"@context":"https:\/\/schema.org","@graph":[{"@type":"WebPage","@id":"https:\/\/cleopatraweb.com\/en\/product\/nintendo-switch-powera-enhanced-wired-controller-pokemon-pikachu-neon\/","url":"https:\/\/cleopatraweb.com\/en\/product\/nintendo-switch-powera-enhanced-wired-controller-pokemon-pikachu-neon\/","name":"Nintendo Switch PowerA Enhanced Wired Controller Pok\u00e9mon Pikachu Neon | Nintendo Switch PowerA Enhanced Wired Controller Pok\u00e9mon Pikachu Neon Price in Oman 2024 | Buy Now Nintendo Switch PowerA Enhanced Wired Controller Pok\u00e9mon Pikachu Neon from Cleopatra","isPartOf":{"@id":"https:\/\/cleopatraweb.com\/en\/#website"},"primaryImageOfPage":{"@id":"https:\/\/cleopatraweb.com\/en\/product\/nintendo-switch-powera-enhanced-wired-controller-pokemon-pikachu-neon\/#primaryimage"},"image":{"@id":"https:\/\/cleopatraweb.com\/en\/product\/nintendo-switch-powera-enhanced-wired-controller-pokemon-pikachu-neon\/#primaryimage"},"thumbnailUrl":"https:\/\/cleopatraweb.com\/wp-content\/uploads\/2021\/08\/products-nintendo_switch_powera_enhanced_wired_controller_pokemon_pikachu_neon_1.jpg","datePublished":"2021-08-02T13:14:40+00:00","dateModified":"2024-08-19T08:16:16+00:00","description":"Nintendo Switch PowerA Enhanced Wired Controller Pok\u00e9mon Pikachu Neon |Know Nintendo Switch PowerA Enhanced Wired Controller Pok\u00e9mon Pikachu Neon Price in Oman 2024 | Find updated price of Nintendo Switch PowerA Enhanced Wired Controller Pok\u00e9mon Pikachu N","breadcrumb":{"@id":"https:\/\/cleopatraweb.com\/en\/product\/nintendo-switch-powera-enhanced-wired-controller-pokemon-pikachu-neon\/#breadcrumb"},"inLanguage":"en-US","potentialAction":[{"@type":"ReadAction","target":["https:\/\/cleopatraweb.com\/en\/product\/nintendo-switch-powera-enhanced-wired-controller-pokemon-pikachu-neon\/"]}]},{"@type":"ImageObject","inLanguage":"en-US","@id":"https:\/\/cleopatraweb.com\/en\/product\/nintendo-switch-powera-enhanced-wired-controller-pokemon-pikachu-neon\/#primaryimage","url":"https:\/\/cleopatraweb.com\/wp-content\/uploads\/2021\/08\/products-nintendo_switch_powera_enhanced_wired_controller_pokemon_pikachu_neon_1.jpg","contentUrl":"https:\/\/cleopatraweb.com\/wp-content\/uploads\/2021\/08\/products-nintendo_switch_powera_enhanced_wired_controller_pokemon_pikachu_neon_1.jpg","width":800,"height":800},{"@type":"BreadcrumbList","@id":"https:\/\/cleopatraweb.com\/en\/product\/nintendo-switch-powera-enhanced-wired-controller-pokemon-pikachu-neon\/#breadcrumb","itemListElement":[{"@type":"ListItem","position":1,"name":"Home","item":"https:\/\/cleopatraweb.com\/en\/"},{"@type":"ListItem","position":2,"name":"Shop","item":"https:\/\/cleopatraweb.com\/en\/shop\/"},{"@type":"ListItem","position":3,"name":"Nintendo Switch PowerA Enhanced Wired Controller Pok\u00e9mon Pikachu Neon"}]},{"@type":"WebSite","@id":"https:\/\/cleopatraweb.com\/en\/#website","url":"https:\/\/cleopatraweb.com\/en\/","name":"Cleopatra Best Online Shopping Oman","description":"Best Online Shopping in Oman","potentialAction":[{"@type":"SearchAction","target":{"@type":"EntryPoint","urlTemplate":"https:\/\/cleopatraweb.com\/en\/?s={search_term_string}"},"query-input":{"@type":"PropertyValueSpecification","valueRequired":true,"valueName":"search_term_string"}}],"inLanguage":"en-US"}]}},"brands":[{"id":1891,"name":"Nintendo Switch","slug":"nintendo-switch-2"}],"_links":{"self":[{"href":"https:\/\/cleopatraweb.com\/en\/wp-json\/wp\/v2\/product\/31883","targetHints":{"allow":["GET"]}}],"collection":[{"href":"https:\/\/cleopatraweb.com\/en\/wp-json\/wp\/v2\/product"}],"about":[{"href":"https:\/\/cleopatraweb.com\/en\/wp-json\/wp\/v2\/types\/product"}],"replies":[{"embeddable":true,"href":"https:\/\/cleopatraweb.com\/en\/wp-json\/wp\/v2\/comments?post=31883"}],"wp:featuredmedia":[{"embeddable":true,"href":"https:\/\/cleopatraweb.com\/en\/wp-json\/wp\/v2\/media\/31884"}],"wp:attachment":[{"href":"https:\/\/cleopatraweb.com\/en\/wp-json\/wp\/v2\/media?parent=31883"}],"wp:term":[{"taxonomy":"pwb-brand","embeddable":true,"href":"https:\/\/cleopatraweb.com\/en\/wp-json\/wp\/v2\/pwb-brand?post=31883"},{"taxonomy":"product_brand","embeddable":true,"href":"https:\/\/cleopatraweb.com\/en\/wp-json\/wp\/v2\/product_brand?post=31883"},{"taxonomy":"product_cat","embeddable":true,"href":"https:\/\/cleopatraweb.com\/en\/wp-json\/wp\/v2\/product_cat?post=31883"},{"taxonomy":"product_tag","embeddable":true,"href":"https:\/\/cleopatraweb.com\/en\/wp-json\/wp\/v2\/product_tag?post=31883"}],"curies":[{"name":"wp","href":"https:\/\/api.w.org\/{rel}","templated":true}]}}