{"id":5891,"date":"2020-04-25T18:15:41","date_gmt":"2020-04-25T18:15:41","guid":{"rendered":"https:\/\/cleopatraweb.com\/?post_type=product&#038;p=5891"},"modified":"2025-09-17T22:52:57","modified_gmt":"2025-09-17T18:52:57","slug":"nova-nfs-9013-egg-boiler-2","status":"publish","type":"product","link":"https:\/\/cleopatraweb.com\/ar\/product\/nova-nfs-9013-egg-boiler-2\/","title":{"rendered":"\u063a\u0644\u0627\u064a\u0629 \u0628\u064a\u0636 \u0646\u0648\u0641\u0627 \u0625\u0646 \u0625\u0641 \u0625\u0633 9013"},"content":{"rendered":"<p>* \u0627\u0644\u0628\u064a\u0636 \u0627\u0644\u0645\u0633\u0644\u0648\u0642 \u0641\u064a \u0623\u064a \u0648\u0642\u062a \u0627\u0644\u062c\u0645\u064a\u0639 \u0628\u062d\u0627\u062c\u0629 \u0625\u0644\u0649 \u0627\u0644\u0628\u064a\u0636 \u0643\u0644 \u064a\u0648\u0645! \u0645\u0639 \u0637\u0628\u0627\u062e \u0627\u0644\u0628\u064a\u0636 \u0647\u0630\u0627 \u0645\u0646 Homeleader\u060c \u0633\u064a\u0643\u0648\u0646 \u0628\u064a\u0636\u0643 \u062f\u0627\u0626\u0645\u064b\u0627 \u0643\u0645\u0627 \u062a\u0631\u064a\u062f. \u064a\u0645\u0643\u0646\u0643 \u0627\u0633\u062a\u062e\u062f\u0627\u0645 \u0642\u062f\u0631 \u0627\u0644\u0628\u064a\u0636 \u0627\u0644\u0628\u062e\u0627\u0631\u064a \u0647\u0630\u0627 \u0644\u062a\u062d\u0636\u064a\u0631 14 \u0628\u064a\u0636\u0629 \u0645\u0633\u0644\u0648\u0642\u0629 \u0635\u0644\u0628\u0629 \u0623\u0648 \u0645\u062a\u0648\u0633\u0637\u0629 \u0623\u0648 \u0637\u0631\u064a\u0629 \u0623\u0648 \u0639\u062c\u0629 \u0641\u0631\u062f\u064a\u0629 \u0648\u0628\u064a\u0636 \u0645\u0633\u0644\u0648\u0642 \u0648\u0628\u064a\u0636 \u0645\u062e\u0641\u0648\u0642!  <br \/>* \u0633\u0631\u064a\u0639\u0629 \u0648\u0633\u0647\u0644\u0629\u061f \u0641\u0642\u0637 \u0623\u0636\u064a\u0641\u064a \u0627\u0644\u0645\u0627\u0621 \u0648\u0627\u0644\u0628\u064a\u0636\u060c \u064a\u0645\u0643\u0646\u0643 \u0627\u0644\u0627\u0633\u062a\u0645\u062a\u0627\u0639 \u0628\u0627\u0644\u0628\u064a\u0636 \u0627\u0644\u0645\u0633\u0644\u0648\u0642 \u0627\u0644\u0645\u063a\u0630\u064a \u0641\u064a \u062f\u0642\u0627\u0626\u0642! \u064a\u0645\u0643\u0646 \u0644\u0644\u0637\u0628\u0627\u062e \u062a\u062d\u0636\u064a\u0631 \u0645\u0627 \u064a\u0635\u0644 \u0625\u0644\u0649 14 \u0628\u064a\u0636\u0629\u060c \u0645\u0627 \u064a\u0643\u0641\u064a \u062a\u0645\u0627\u0645\u064b\u0627 \u0644\u0645\u0646\u0632\u0644\u0643. \u0645\u0646 \u062e\u0644\u0627\u0644 \u0627\u0644\u063a\u0637\u0627\u0621 \u0627\u0644\u0634\u0641\u0627\u0641\u060c \u064a\u0645\u0643\u0646\u0643 \u0631\u0624\u064a\u0629 \u062a\u0642\u062f\u0645 \u0627\u0644\u0628\u064a\u0636 \u0623\u062b\u0646\u0627\u0621 \u0637\u0647\u064a\u0647. \u0648\u0638\u064a\u0641\u0629 \u0627\u0644\u0625\u063a\u0644\u0627\u0642 \u0627\u0644\u062a\u0644\u0642\u0627\u0626\u064a \u062a\u0645\u0646\u0639 \u0627\u0644\u0625\u0641\u0631\u0627\u0637 \u0641\u064a \u0627\u0644\u0637\u0647\u064a. \u0625\u0646\u0647 \u0628\u0633\u064a\u0637 \u0644\u0644\u063a\u0627\u064a\u0629\u060c \u062d\u062a\u0649 \u0623\u0637\u0641\u0627\u0644\u0643 \u064a\u0645\u0643\u0646\u0647\u0645 \u0627\u0633\u062a\u062e\u062f\u0627\u0645\u0647.  <br \/>* \u0644\u064a\u0633 \u0641\u0642\u0637 \u0644\u0644\u0628\u064a\u0636 \u0641\u0642\u0637\u061f \u0646\u0639\u0645 \u0628\u0627\u062e\u0631\u0629! \u0648\u0639\u0627\u0621 \u062e\u0627\u0644\u064d \u0645\u0646 \u0645\u0627\u062f\u0629 BPA \u0645\u062a\u0636\u0645\u0651\u0646 \u0644\u0637\u0647\u064a \u0627\u0644\u062e\u0636\u0627\u0631 \u0648\u0627\u0644\u0628\u064a\u0636 \u0627\u0644\u0645\u0633\u0644\u0648\u0642 \u0648\u0627\u0644\u062d\u0644\u064a\u0628 \u0627\u0644\u0633\u0627\u062e\u0646 \u0648\u0627\u0644\u0623\u0637\u0628\u0627\u0642 \u0627\u0644\u0623\u062e\u0631\u0649 \u0628\u0627\u0644\u0628\u062e\u0627\u0631. \u0623\u0635\u0628\u062d \u062a\u062d\u0636\u064a\u0631 \u0648\u062c\u0628\u0627\u062a \u0643\u0627\u0645\u0644\u0629 \u0623\u0645\u0631\u064b\u0627 \u0633\u0647\u0644\u0627\u064b \u0644\u0644\u063a\u0627\u064a\u0629 \u0645\u0639 \u0647\u0630\u0627 \u0627\u0644\u0642\u062f\u0631 \u0627\u0644\u0628\u062e\u0627\u0631\u064a \u0644\u0644\u0628\u064a\u0636 \u0627\u0644\u0645\u0632\u062f\u0648\u062c \u0627\u0644\u0637\u0628\u0642\u0627\u062a\u060c \u0641\u0627\u0644\u062e\u064a\u0627\u0631\u0627\u062a \u0644\u0627 \u062d\u0635\u0631 \u0644\u0647\u0627! \u064a\u0645\u0643\u0646\u0643 \u0625\u0643\u0645\u0627\u0644 \u0627\u0644\u0637\u0639\u0627\u0645 \u0627\u0644\u0630\u064a \u062a\u062d\u062a\u0627\u062c\u0647 \u0639\u0627\u0626\u0644\u062a\u0643 \u0641\u064a \u063a\u0636\u0648\u0646 \u062f\u0642\u0627\u0626\u0642. \u0643\u0645\u0627 \u0623\u0646 \u062a\u0639\u0642\u064a\u0645 \u0632\u062c\u0627\u062c\u0627\u062a \u0627\u0644\u0623\u0637\u0641\u0627\u0644 \u0647\u064a \u0623\u064a\u0636\u064b\u0627 \u0648\u0638\u064a\u0641\u0629 \u0645\u0647\u0645\u0629 \u0644\u0644\u0642\u062f\u0631 \u0627\u0644\u0628\u062e\u0627\u0631\u064a!  <br \/>&#8211; * \u0633\u0647\u0648\u0644\u0629 \u0627\u0644\u062a\u0646\u0638\u064a\u0641 \u0648\u0627\u0644\u062a\u062e\u0632\u064a\u0646* \u0627\u0644\u062c\u0647\u0627\u0632 \u0645\u0635\u0646\u0648\u0639 \u0645\u0646 \u0627\u0644\u0641\u0648\u0644\u0627\u0630 \u0627\u0644\u0645\u0642\u0627\u0648\u0645 \u0644\u0644\u0635\u062f\u0623 \u0639\u0627\u0644\u064a \u0627\u0644\u062c\u0648\u062f\u0629\u060c \u0648\u0633\u0647\u0644 \u0627\u0644\u0641\u0643 \u0648\u0627\u0644\u062a\u0646\u0638\u064a\u0641. \u062c\u0645\u064a\u0639 \u0627\u0644\u0623\u062c\u0632\u0627\u0621 \u063a\u064a\u0631 \u0627\u0644\u0643\u0647\u0631\u0628\u0627\u0626\u064a\u0629 \u0622\u0645\u0646\u0629 \u0644\u0644\u063a\u0633\u0644 \u0641\u064a \u063a\u0633\u0627\u0644\u0629 \u0627\u0644\u0623\u0637\u0628\u0627\u0642 \u0644\u0633\u0647\u0648\u0644\u0629 \u0627\u0644\u062a\u0646\u0638\u064a\u0641. \u062a\u0635\u0645\u064a\u0645 \u0635\u063a\u064a\u0631 \u0648\u062e\u0641\u064a\u0641 \u0627\u0644\u0648\u0632\u0646\u0647\u0648 \u062c\u0647\u0627\u0632 \u0644\u0627 \u0628\u062f \u0645\u0646 \u0627\u0642\u062a\u0646\u0627\u0626\u0647 \u0644\u0634\u0642\u062a\u0643 \u0623\u0648 \u0645\u0637\u0628\u062e\u0643 \u0627\u0644\u0635\u063a\u064a\u0631 \u0623\u0648 \u0633\u0643\u0646\u0643 \u0627\u0644\u062c\u0627\u0645\u0639\u064a \u0623\u0648 \u0627\u0644\u0633\u0641\u0631 \u0641\u064a \u0639\u0631\u0628\u0629\/\u0639\u0631\u0628\u0629 \u0633\u0643\u0646 \u0645\u062a\u0646\u0642\u0644\u0629.<\/p>\n","protected":false},"excerpt":{"rendered":"<p>&#8211; \u0627\u0644\u0639\u0644\u0627\u0645\u0629 \u0627\u0644\u062a\u062c\u0627\u0631\u064a\u0629: Homeleader<br \/>&#8211; \u0627\u0644\u0645\u0627\u062f\u0629: \u0627\u0644\u0641\u0648\u0644\u0627\u0630 \u0627\u0644\u0645\u0642\u0627\u0648\u0645 \u0644\u0644\u0635\u062f\u0623<br \/>&#8211; \u0623\u0628\u0639\u0627\u062f \u0627\u0644\u0645\u0646\u062a\u062c: 20.57 \u00d7 20.07 \u00d7 20.07 \u00d7 20.32 \u0633\u0645\u061b 1.02 \u0643\u062c\u0645<br \/>&#8211; \u0627\u0644\u0637\u0627\u0642\u0629 \/ \u0627\u0644\u0642\u0648\u0629 \u0627\u0644\u0643\u0647\u0631\u0628\u0627\u0626\u064a\u0629: 360 \u0648\u0627\u0637<br \/>&#8211; \u0648\u0632\u0646 \u0627\u0644\u0645\u0646\u062a\u062c: 1.02 \u0643\u062c\u0645<\/p>\n","protected":false},"featured_media":5892,"comment_status":"open","ping_status":"closed","template":"","meta":{"_acf_changed":false,"_joinchat":[]},"pwb-brand":[979],"product_brand":[978],"product_cat":[650],"product_tag":[],"class_list":{"0":"post-5891","1":"product","2":"type-product","3":"status-publish","4":"has-post-thumbnail","6":"pwb-brand-nova-2","7":"product_brand-nova","8":"product_cat-electronics-2","9":"pa_is-used-item-0-9","10":"pa_sale-0-ar","12":"first","13":"outofstock","14":"taxable","15":"shipping-taxable","16":"purchasable","17":"product-type-simple"},"acf":[],"yoast_head":"<!-- This site is optimized with the Yoast SEO plugin v27.4 - https:\/\/yoast.com\/product\/yoast-seo-wordpress\/ -->\n<title>\u0633\u0639\u0631 \u063a\u0644\u0627\u064a\u0629 \u0628\u064a\u0636 NOVA NFS 9013 EGG BOILER | NOVA NFS 9013 EGG BOILER \u0641\u064a \u0639\u064f\u0645\u0627\u0646 2024 | \u0627\u0634\u062a\u0631 \u0627\u0644\u0622\u0646 \u063a\u0644\u0627\u064a\u0629 \u0628\u064a\u0636 NOVA NFS 9013 EGG BOILER \u0645\u0646 \u0645\u062a\u062c\u0631 \u0643\u0644\u064a\u0648\u0628\u0627\u062a\u0631\u0627 \u0639\u064f\u0645\u0627\u0646 \u0628\u0623\u0641\u0636\u0644 \u0627\u0644\u0623\u0633\u0639\u0627\u0631<\/title>\n<meta name=\"description\" content=\"\u0633\u0639\u0631 \u063a\u0644\u0627\u064a\u0629 \u0627\u0644\u0628\u064a\u0636 NOVA NFS 9013 EGG BOILER |\u062a\u0639\u0631\u0641 \u0639\u0644\u0649 \u0633\u0639\u0631 \u063a\u0644\u0627\u064a\u0629 \u0627\u0644\u0628\u064a\u0636 NOVA NFS 9013 EGG BOILER \u0641\u064a \u0639\u064f\u0645\u0627\u0646 2024 | \u0627\u0639\u062b\u0631 \u0639\u0644\u0649 \u0633\u0639\u0631 \u0645\u062d\u062f\u062b \u0644\u0640 \u063a\u0644\u0627\u064a\u0629 \u0627\u0644\u0628\u064a\u0636 NOVA NFS 9013 EGG BOILER \u0641\u064a \u0639\u064f\u0645\u0627\u0646 \u0645\u0639 \u0627\u0644\u0645\u0648\u0627\u0635\u0641\u0627\u062a \u0648\u0627\u0644\u0645\u064a\u0632\u0627\u062a \u0627\u0644\u062a\u0641\u0635\u064a\u0644\u064a\u0629\" \/>\n<meta name=\"robots\" content=\"index, follow, max-snippet:-1, max-image-preview:large, max-video-preview:-1\" \/>\n<link rel=\"canonical\" href=\"https:\/\/cleopatraweb.com\/ar\/product\/nova-nfs-9013-egg-boiler-2\/\" \/>\n<meta property=\"og:locale\" content=\"ar_AR\" \/>\n<meta property=\"og:type\" content=\"article\" \/>\n<meta property=\"og:title\" content=\"\u0633\u0639\u0631 \u063a\u0644\u0627\u064a\u0629 \u0628\u064a\u0636 NOVA NFS 9013 EGG BOILER | NOVA NFS 9013 EGG BOILER \u0641\u064a \u0639\u064f\u0645\u0627\u0646 2024 | \u0627\u0634\u062a\u0631 \u0627\u0644\u0622\u0646 \u063a\u0644\u0627\u064a\u0629 \u0628\u064a\u0636 NOVA NFS 9013 EGG BOILER \u0645\u0646 \u0645\u062a\u062c\u0631 \u0643\u0644\u064a\u0648\u0628\u0627\u062a\u0631\u0627 \u0639\u064f\u0645\u0627\u0646 \u0628\u0623\u0641\u0636\u0644 \u0627\u0644\u0623\u0633\u0639\u0627\u0631\" \/>\n<meta property=\"og:description\" content=\"\u0633\u0639\u0631 \u063a\u0644\u0627\u064a\u0629 \u0627\u0644\u0628\u064a\u0636 NOVA NFS 9013 EGG BOILER |\u062a\u0639\u0631\u0641 \u0639\u0644\u0649 \u0633\u0639\u0631 \u063a\u0644\u0627\u064a\u0629 \u0627\u0644\u0628\u064a\u0636 NOVA NFS 9013 EGG BOILER \u0641\u064a \u0639\u064f\u0645\u0627\u0646 2024 | \u0627\u0639\u062b\u0631 \u0639\u0644\u0649 \u0633\u0639\u0631 \u0645\u062d\u062f\u062b \u0644\u0640 \u063a\u0644\u0627\u064a\u0629 \u0627\u0644\u0628\u064a\u0636 NOVA NFS 9013 EGG BOILER \u0641\u064a \u0639\u064f\u0645\u0627\u0646 \u0645\u0639 \u0627\u0644\u0645\u0648\u0627\u0635\u0641\u0627\u062a \u0648\u0627\u0644\u0645\u064a\u0632\u0627\u062a \u0627\u0644\u062a\u0641\u0635\u064a\u0644\u064a\u0629\" \/>\n<meta property=\"og:url\" content=\"https:\/\/cleopatraweb.com\/ar\/product\/nova-nfs-9013-egg-boiler-2\/\" \/>\n<meta property=\"og:site_name\" content=\"\u0643\u0644\u064a\u0648\u0628\u0627\u062a\u0631\u0627 \u0639\u0645\u0627\u0646 \u0627\u0644\u062a\u0633\u0648\u0642 \u0639\u0628\u0631 \u0627\u0644\u0625\u0646\u062a\u0631\u0646\u062a \u0639\u0645\u0627\u0646\" \/>\n<meta property=\"article:publisher\" content=\"https:\/\/www.facebook.com\/cleopatrawebstore\" \/>\n<meta property=\"article:modified_time\" content=\"2025-09-17T18:52:57+00:00\" \/>\n<meta property=\"og:image\" content=\"https:\/\/cleopatraweb.com\/wp-content\/uploads\/2020\/04\/products-nova_nfs_9013_egg_boiler-1.jpg\" \/>\n\t<meta property=\"og:image:width\" content=\"800\" \/>\n\t<meta property=\"og:image:height\" content=\"800\" \/>\n\t<meta property=\"og:image:type\" content=\"image\/jpeg\" \/>\n<meta name=\"twitter:card\" content=\"summary_large_image\" \/>\n<meta name=\"twitter:site\" content=\"@Cleopatra_Web\" \/>\n<script type=\"application\/ld+json\" class=\"yoast-schema-graph\">{\"@context\":\"https:\\\/\\\/schema.org\",\"@graph\":[{\"@type\":\"WebPage\",\"@id\":\"https:\\\/\\\/cleopatraweb.com\\\/ar\\\/product\\\/nova-nfs-9013-egg-boiler-2\\\/\",\"url\":\"https:\\\/\\\/cleopatraweb.com\\\/ar\\\/product\\\/nova-nfs-9013-egg-boiler-2\\\/\",\"name\":\"\u0633\u0639\u0631 \u063a\u0644\u0627\u064a\u0629 \u0628\u064a\u0636 NOVA NFS 9013 EGG BOILER | NOVA NFS 9013 EGG BOILER \u0641\u064a \u0639\u064f\u0645\u0627\u0646 2024 | \u0627\u0634\u062a\u0631 \u0627\u0644\u0622\u0646 \u063a\u0644\u0627\u064a\u0629 \u0628\u064a\u0636 NOVA NFS 9013 EGG BOILER \u0645\u0646 \u0645\u062a\u062c\u0631 \u0643\u0644\u064a\u0648\u0628\u0627\u062a\u0631\u0627 \u0639\u064f\u0645\u0627\u0646 \u0628\u0623\u0641\u0636\u0644 \u0627\u0644\u0623\u0633\u0639\u0627\u0631\",\"isPartOf\":{\"@id\":\"https:\\\/\\\/cleopatraweb.com\\\/ar\\\/#website\"},\"primaryImageOfPage\":{\"@id\":\"https:\\\/\\\/cleopatraweb.com\\\/ar\\\/product\\\/nova-nfs-9013-egg-boiler-2\\\/#primaryimage\"},\"image\":{\"@id\":\"https:\\\/\\\/cleopatraweb.com\\\/ar\\\/product\\\/nova-nfs-9013-egg-boiler-2\\\/#primaryimage\"},\"thumbnailUrl\":\"https:\\\/\\\/cleopatraweb.com\\\/wp-content\\\/uploads\\\/2020\\\/04\\\/products-nova_nfs_9013_egg_boiler-1.jpg\",\"datePublished\":\"2020-04-25T18:15:41+00:00\",\"dateModified\":\"2025-09-17T18:52:57+00:00\",\"description\":\"\u0633\u0639\u0631 \u063a\u0644\u0627\u064a\u0629 \u0627\u0644\u0628\u064a\u0636 NOVA NFS 9013 EGG BOILER |\u062a\u0639\u0631\u0641 \u0639\u0644\u0649 \u0633\u0639\u0631 \u063a\u0644\u0627\u064a\u0629 \u0627\u0644\u0628\u064a\u0636 NOVA NFS 9013 EGG BOILER \u0641\u064a \u0639\u064f\u0645\u0627\u0646 2024 | \u0627\u0639\u062b\u0631 \u0639\u0644\u0649 \u0633\u0639\u0631 \u0645\u062d\u062f\u062b \u0644\u0640 \u063a\u0644\u0627\u064a\u0629 \u0627\u0644\u0628\u064a\u0636 NOVA NFS 9013 EGG BOILER \u0641\u064a \u0639\u064f\u0645\u0627\u0646 \u0645\u0639 \u0627\u0644\u0645\u0648\u0627\u0635\u0641\u0627\u062a \u0648\u0627\u0644\u0645\u064a\u0632\u0627\u062a \u0627\u0644\u062a\u0641\u0635\u064a\u0644\u064a\u0629\",\"breadcrumb\":{\"@id\":\"https:\\\/\\\/cleopatraweb.com\\\/ar\\\/product\\\/nova-nfs-9013-egg-boiler-2\\\/#breadcrumb\"},\"inLanguage\":\"ar\",\"potentialAction\":[{\"@type\":\"ReadAction\",\"target\":[\"https:\\\/\\\/cleopatraweb.com\\\/ar\\\/product\\\/nova-nfs-9013-egg-boiler-2\\\/\"]}]},{\"@type\":\"ImageObject\",\"inLanguage\":\"ar\",\"@id\":\"https:\\\/\\\/cleopatraweb.com\\\/ar\\\/product\\\/nova-nfs-9013-egg-boiler-2\\\/#primaryimage\",\"url\":\"https:\\\/\\\/cleopatraweb.com\\\/wp-content\\\/uploads\\\/2020\\\/04\\\/products-nova_nfs_9013_egg_boiler-1.jpg\",\"contentUrl\":\"https:\\\/\\\/cleopatraweb.com\\\/wp-content\\\/uploads\\\/2020\\\/04\\\/products-nova_nfs_9013_egg_boiler-1.jpg\",\"width\":800,\"height\":800},{\"@type\":\"BreadcrumbList\",\"@id\":\"https:\\\/\\\/cleopatraweb.com\\\/ar\\\/product\\\/nova-nfs-9013-egg-boiler-2\\\/#breadcrumb\",\"itemListElement\":[{\"@type\":\"ListItem\",\"position\":1,\"name\":\"\u0627\u0644\u0635\u0641\u062d\u0629 \u0627\u0644\u0631\u0626\u064a\u0633\u064a\u0629\",\"item\":\"https:\\\/\\\/cleopatraweb.com\\\/ar\\\/\"},{\"@type\":\"ListItem\",\"position\":2,\"name\":\"\u0627\u0644\u0633\u0648\u0642\",\"item\":\"https:\\\/\\\/cleopatraweb.com\\\/ar\\\/%d8%a7%d9%84%d8%b3%d9%88%d9%82\\\/\"},{\"@type\":\"ListItem\",\"position\":3,\"name\":\"\u063a\u0644\u0627\u064a\u0629 \u0628\u064a\u0636 \u0646\u0648\u0641\u0627 \u0625\u0646 \u0625\u0641 \u0625\u0633 9013\"}]},{\"@type\":\"WebSite\",\"@id\":\"https:\\\/\\\/cleopatraweb.com\\\/ar\\\/#website\",\"url\":\"https:\\\/\\\/cleopatraweb.com\\\/ar\\\/\",\"name\":\"Cleopatra Best Online Shopping Oman\",\"description\":\"Best Online Shopping in Oman\",\"potentialAction\":[{\"@type\":\"SearchAction\",\"target\":{\"@type\":\"EntryPoint\",\"urlTemplate\":\"https:\\\/\\\/cleopatraweb.com\\\/ar\\\/?s={search_term_string}\"},\"query-input\":{\"@type\":\"PropertyValueSpecification\",\"valueRequired\":true,\"valueName\":\"search_term_string\"}}],\"inLanguage\":\"ar\"}]}<\/script>\n<!-- \/ Yoast SEO plugin. -->","yoast_head_json":{"title":"\u0633\u0639\u0631 \u063a\u0644\u0627\u064a\u0629 \u0628\u064a\u0636 NOVA NFS 9013 EGG BOILER | NOVA NFS 9013 EGG BOILER \u0641\u064a \u0639\u064f\u0645\u0627\u0646 2024 | \u0627\u0634\u062a\u0631 \u0627\u0644\u0622\u0646 \u063a\u0644\u0627\u064a\u0629 \u0628\u064a\u0636 NOVA NFS 9013 EGG BOILER \u0645\u0646 \u0645\u062a\u062c\u0631 \u0643\u0644\u064a\u0648\u0628\u0627\u062a\u0631\u0627 \u0639\u064f\u0645\u0627\u0646 \u0628\u0623\u0641\u0636\u0644 \u0627\u0644\u0623\u0633\u0639\u0627\u0631","description":"\u0633\u0639\u0631 \u063a\u0644\u0627\u064a\u0629 \u0627\u0644\u0628\u064a\u0636 NOVA NFS 9013 EGG BOILER |\u062a\u0639\u0631\u0641 \u0639\u0644\u0649 \u0633\u0639\u0631 \u063a\u0644\u0627\u064a\u0629 \u0627\u0644\u0628\u064a\u0636 NOVA NFS 9013 EGG BOILER \u0641\u064a \u0639\u064f\u0645\u0627\u0646 2024 | \u0627\u0639\u062b\u0631 \u0639\u0644\u0649 \u0633\u0639\u0631 \u0645\u062d\u062f\u062b \u0644\u0640 \u063a\u0644\u0627\u064a\u0629 \u0627\u0644\u0628\u064a\u0636 NOVA NFS 9013 EGG BOILER \u0641\u064a \u0639\u064f\u0645\u0627\u0646 \u0645\u0639 \u0627\u0644\u0645\u0648\u0627\u0635\u0641\u0627\u062a \u0648\u0627\u0644\u0645\u064a\u0632\u0627\u062a \u0627\u0644\u062a\u0641\u0635\u064a\u0644\u064a\u0629","robots":{"index":"index","follow":"follow","max-snippet":"max-snippet:-1","max-image-preview":"max-image-preview:large","max-video-preview":"max-video-preview:-1"},"canonical":"https:\/\/cleopatraweb.com\/ar\/product\/nova-nfs-9013-egg-boiler-2\/","og_locale":"ar_AR","og_type":"article","og_title":"\u0633\u0639\u0631 \u063a\u0644\u0627\u064a\u0629 \u0628\u064a\u0636 NOVA NFS 9013 EGG BOILER | NOVA NFS 9013 EGG BOILER \u0641\u064a \u0639\u064f\u0645\u0627\u0646 2024 | \u0627\u0634\u062a\u0631 \u0627\u0644\u0622\u0646 \u063a\u0644\u0627\u064a\u0629 \u0628\u064a\u0636 NOVA NFS 9013 EGG BOILER \u0645\u0646 \u0645\u062a\u062c\u0631 \u0643\u0644\u064a\u0648\u0628\u0627\u062a\u0631\u0627 \u0639\u064f\u0645\u0627\u0646 \u0628\u0623\u0641\u0636\u0644 \u0627\u0644\u0623\u0633\u0639\u0627\u0631","og_description":"\u0633\u0639\u0631 \u063a\u0644\u0627\u064a\u0629 \u0627\u0644\u0628\u064a\u0636 NOVA NFS 9013 EGG BOILER |\u062a\u0639\u0631\u0641 \u0639\u0644\u0649 \u0633\u0639\u0631 \u063a\u0644\u0627\u064a\u0629 \u0627\u0644\u0628\u064a\u0636 NOVA NFS 9013 EGG BOILER \u0641\u064a \u0639\u064f\u0645\u0627\u0646 2024 | \u0627\u0639\u062b\u0631 \u0639\u0644\u0649 \u0633\u0639\u0631 \u0645\u062d\u062f\u062b \u0644\u0640 \u063a\u0644\u0627\u064a\u0629 \u0627\u0644\u0628\u064a\u0636 NOVA NFS 9013 EGG BOILER \u0641\u064a \u0639\u064f\u0645\u0627\u0646 \u0645\u0639 \u0627\u0644\u0645\u0648\u0627\u0635\u0641\u0627\u062a \u0648\u0627\u0644\u0645\u064a\u0632\u0627\u062a \u0627\u0644\u062a\u0641\u0635\u064a\u0644\u064a\u0629","og_url":"https:\/\/cleopatraweb.com\/ar\/product\/nova-nfs-9013-egg-boiler-2\/","og_site_name":"\u0643\u0644\u064a\u0648\u0628\u0627\u062a\u0631\u0627 \u0639\u0645\u0627\u0646 \u0627\u0644\u062a\u0633\u0648\u0642 \u0639\u0628\u0631 \u0627\u0644\u0625\u0646\u062a\u0631\u0646\u062a \u0639\u0645\u0627\u0646","article_publisher":"https:\/\/www.facebook.com\/cleopatrawebstore","article_modified_time":"2025-09-17T18:52:57+00:00","og_image":[{"width":800,"height":800,"url":"https:\/\/cleopatraweb.com\/wp-content\/uploads\/2020\/04\/products-nova_nfs_9013_egg_boiler-1.jpg","type":"image\/jpeg"}],"twitter_card":"summary_large_image","twitter_site":"@Cleopatra_Web","schema":{"@context":"https:\/\/schema.org","@graph":[{"@type":"WebPage","@id":"https:\/\/cleopatraweb.com\/ar\/product\/nova-nfs-9013-egg-boiler-2\/","url":"https:\/\/cleopatraweb.com\/ar\/product\/nova-nfs-9013-egg-boiler-2\/","name":"\u0633\u0639\u0631 \u063a\u0644\u0627\u064a\u0629 \u0628\u064a\u0636 NOVA NFS 9013 EGG BOILER | NOVA NFS 9013 EGG BOILER \u0641\u064a \u0639\u064f\u0645\u0627\u0646 2024 | \u0627\u0634\u062a\u0631 \u0627\u0644\u0622\u0646 \u063a\u0644\u0627\u064a\u0629 \u0628\u064a\u0636 NOVA NFS 9013 EGG BOILER \u0645\u0646 \u0645\u062a\u062c\u0631 \u0643\u0644\u064a\u0648\u0628\u0627\u062a\u0631\u0627 \u0639\u064f\u0645\u0627\u0646 \u0628\u0623\u0641\u0636\u0644 \u0627\u0644\u0623\u0633\u0639\u0627\u0631","isPartOf":{"@id":"https:\/\/cleopatraweb.com\/ar\/#website"},"primaryImageOfPage":{"@id":"https:\/\/cleopatraweb.com\/ar\/product\/nova-nfs-9013-egg-boiler-2\/#primaryimage"},"image":{"@id":"https:\/\/cleopatraweb.com\/ar\/product\/nova-nfs-9013-egg-boiler-2\/#primaryimage"},"thumbnailUrl":"https:\/\/cleopatraweb.com\/wp-content\/uploads\/2020\/04\/products-nova_nfs_9013_egg_boiler-1.jpg","datePublished":"2020-04-25T18:15:41+00:00","dateModified":"2025-09-17T18:52:57+00:00","description":"\u0633\u0639\u0631 \u063a\u0644\u0627\u064a\u0629 \u0627\u0644\u0628\u064a\u0636 NOVA NFS 9013 EGG BOILER |\u062a\u0639\u0631\u0641 \u0639\u0644\u0649 \u0633\u0639\u0631 \u063a\u0644\u0627\u064a\u0629 \u0627\u0644\u0628\u064a\u0636 NOVA NFS 9013 EGG BOILER \u0641\u064a \u0639\u064f\u0645\u0627\u0646 2024 | \u0627\u0639\u062b\u0631 \u0639\u0644\u0649 \u0633\u0639\u0631 \u0645\u062d\u062f\u062b \u0644\u0640 \u063a\u0644\u0627\u064a\u0629 \u0627\u0644\u0628\u064a\u0636 NOVA NFS 9013 EGG BOILER \u0641\u064a \u0639\u064f\u0645\u0627\u0646 \u0645\u0639 \u0627\u0644\u0645\u0648\u0627\u0635\u0641\u0627\u062a \u0648\u0627\u0644\u0645\u064a\u0632\u0627\u062a \u0627\u0644\u062a\u0641\u0635\u064a\u0644\u064a\u0629","breadcrumb":{"@id":"https:\/\/cleopatraweb.com\/ar\/product\/nova-nfs-9013-egg-boiler-2\/#breadcrumb"},"inLanguage":"ar","potentialAction":[{"@type":"ReadAction","target":["https:\/\/cleopatraweb.com\/ar\/product\/nova-nfs-9013-egg-boiler-2\/"]}]},{"@type":"ImageObject","inLanguage":"ar","@id":"https:\/\/cleopatraweb.com\/ar\/product\/nova-nfs-9013-egg-boiler-2\/#primaryimage","url":"https:\/\/cleopatraweb.com\/wp-content\/uploads\/2020\/04\/products-nova_nfs_9013_egg_boiler-1.jpg","contentUrl":"https:\/\/cleopatraweb.com\/wp-content\/uploads\/2020\/04\/products-nova_nfs_9013_egg_boiler-1.jpg","width":800,"height":800},{"@type":"BreadcrumbList","@id":"https:\/\/cleopatraweb.com\/ar\/product\/nova-nfs-9013-egg-boiler-2\/#breadcrumb","itemListElement":[{"@type":"ListItem","position":1,"name":"\u0627\u0644\u0635\u0641\u062d\u0629 \u0627\u0644\u0631\u0626\u064a\u0633\u064a\u0629","item":"https:\/\/cleopatraweb.com\/ar\/"},{"@type":"ListItem","position":2,"name":"\u0627\u0644\u0633\u0648\u0642","item":"https:\/\/cleopatraweb.com\/ar\/%d8%a7%d9%84%d8%b3%d9%88%d9%82\/"},{"@type":"ListItem","position":3,"name":"\u063a\u0644\u0627\u064a\u0629 \u0628\u064a\u0636 \u0646\u0648\u0641\u0627 \u0625\u0646 \u0625\u0641 \u0625\u0633 9013"}]},{"@type":"WebSite","@id":"https:\/\/cleopatraweb.com\/ar\/#website","url":"https:\/\/cleopatraweb.com\/ar\/","name":"Cleopatra Best Online Shopping Oman","description":"Best Online Shopping in Oman","potentialAction":[{"@type":"SearchAction","target":{"@type":"EntryPoint","urlTemplate":"https:\/\/cleopatraweb.com\/ar\/?s={search_term_string}"},"query-input":{"@type":"PropertyValueSpecification","valueRequired":true,"valueName":"search_term_string"}}],"inLanguage":"ar"}]}},"brands":[{"id":979,"name":"NOVA","slug":"nova-2"}],"_links":{"self":[{"href":"https:\/\/cleopatraweb.com\/ar\/wp-json\/wp\/v2\/product\/5891","targetHints":{"allow":["GET"]}}],"collection":[{"href":"https:\/\/cleopatraweb.com\/ar\/wp-json\/wp\/v2\/product"}],"about":[{"href":"https:\/\/cleopatraweb.com\/ar\/wp-json\/wp\/v2\/types\/product"}],"replies":[{"embeddable":true,"href":"https:\/\/cleopatraweb.com\/ar\/wp-json\/wp\/v2\/comments?post=5891"}],"wp:featuredmedia":[{"embeddable":true,"href":"https:\/\/cleopatraweb.com\/ar\/wp-json\/wp\/v2\/media\/5892"}],"wp:attachment":[{"href":"https:\/\/cleopatraweb.com\/ar\/wp-json\/wp\/v2\/media?parent=5891"}],"wp:term":[{"taxonomy":"pwb-brand","embeddable":true,"href":"https:\/\/cleopatraweb.com\/ar\/wp-json\/wp\/v2\/pwb-brand?post=5891"},{"taxonomy":"product_brand","embeddable":true,"href":"https:\/\/cleopatraweb.com\/ar\/wp-json\/wp\/v2\/product_brand?post=5891"},{"taxonomy":"product_cat","embeddable":true,"href":"https:\/\/cleopatraweb.com\/ar\/wp-json\/wp\/v2\/product_cat?post=5891"},{"taxonomy":"product_tag","embeddable":true,"href":"https:\/\/cleopatraweb.com\/ar\/wp-json\/wp\/v2\/product_tag?post=5891"}],"curies":[{"name":"wp","href":"https:\/\/api.w.org\/{rel}","templated":true}]}}