{"id":5773,"date":"2020-04-22T16:22:32","date_gmt":"2020-04-22T16:22:32","guid":{"rendered":"https:\/\/cleopatraweb.com\/?post_type=product&#038;p=5773"},"modified":"2025-09-17T17:25:56","modified_gmt":"2025-09-17T13:25:56","slug":"nokia-6800-2","status":"publish","type":"product","link":"https:\/\/cleopatraweb.com\/ar\/product\/nokia-6800-2\/","title":{"rendered":"\u0646\u0648\u0643\u064a\u0627 6800 \u0645\u0633\u062a\u0639\u0645\u0644\u0629"},"content":{"rendered":"<p>\u0627\u0644\u0645\u0648\u0627\u0635\u0641\u0627\u062a:<br \/>&#8211; \u0627\u0644\u0634\u0628\u0643\u0629: <br \/>* \u0627\u0644\u062a\u0642\u0646\u064a\u0629: gsm<br \/>* 2g: gsm 900 \/ 1800<br \/>* gprs: \u0627\u0644\u0641\u0626\u0629 4<br \/>* \u0627\u0644\u062d\u0627\u0641\u0629: \u0644\u0627<\/p>\n<p>&#8211; \u0627\u0644\u0647\u064a\u0643\u0644:<br \/>* \u0627\u0644\u0623\u0628\u0639\u0627\u062f: 119 \u00d7 55 \u00d7 55 \u00d7 23 \u0645\u0645\u060c 105 \u0633\u0645 \u0645\u0643\u0639\u0628 (4.69 \u00d7 2.17 \u00d7 0.91 \u0628\u0648\u0635\u0629)<br \/>* \u0627\u0644\u0648\u0632\u0646: 122 \u062c\u0645 (4.30 \u0623\u0648\u0646\u0635\u0629)<br \/>* \u0644\u0648\u062d\u0629 \u0627\u0644\u0645\u0641\u0627\u062a\u064a\u062d: QWERTY<br \/>* \u0634\u0631\u064a\u062d\u0629 SIM: \u0634\u0631\u064a\u062d\u0629 \u0635\u063a\u064a\u0631\u0629<\/p>\n<p>&#8211; \u0627\u0644\u0639\u0631\u0636<br \/>* \u0627\u0644\u0646\u0648\u0639: CSTN\u060c 4096 \u0644\u0648\u0646\u064b\u0627<br \/>* \u0627\u0644\u062d\u062c\u0645: 1.7 \u0628\u0648\u0635\u0629\u060c 9.3 \u0633\u06452 (\u0646\u0633\u0628\u0629 \u0627\u0644\u0634\u0627\u0634\u0629 \u0625\u0644\u0649 \u0627\u0644\u062c\u0633\u0645 14.2% \u062a\u0642\u0631\u064a\u0628\u064b\u0627)<br \/>* \u0627\u0644\u062f\u0642\u0629: 128\u00d7128 \u0628\u0643\u0633\u0644\u060c 8 \u062e\u0637\u0648\u0637\u060c \u0646\u0633\u0628\u0629 1:1 (\u0643\u062b\u0627\u0641\u0629 1:1 (~ 106 \u0646\u0642\u0637\u0629 \u0641\u064a \u0627\u0644\u0628\u0648\u0635\u0629) \u0633\u0637\u0648\u0639 \u0634\u0627\u0634\u0629 \u0642\u0627\u0628\u0644 \u0644\u0644\u062a\u0639\u062f\u064a\u0644 8 \u0623\u0646\u0638\u0645\u0629 \u0623\u0644\u0648\u0627\u0646 \u0642\u0627\u0628\u0644\u0629 \u0644\u0644\u062a\u063a\u064a\u064a\u0631 \u062e\u0644\u0641\u064a\u0627\u062a \u062a\u0645\u0631\u064a\u0631 \u0631\u0628\u0627\u0639\u064a \u0627\u0644\u0627\u062a\u062c\u0627\u0647\u0627\u062a \u062d\u062c\u0645 \u0627\u0644\u062e\u0637 \u0627\u0644\u062f\u064a\u0646\u0627\u0645\u064a\u0643\u064a<\/p>\n<p>&#8211; \u0627\u0644\u0630\u0627\u0643\u0631\u0629: <br \/>* \u0641\u062a\u062d\u0629 \u0627\u0644\u0628\u0637\u0627\u0642\u0629: \u0644\u0627<br \/>* \u062f\u0644\u064a\u0644 \u0627\u0644\u0647\u0627\u062a\u0641: 300<br \/>* \u0633\u062c\u0644\u0627\u062a \u0627\u0644\u0645\u0643\u0627\u0644\u0645\u0627\u062a: 10 \u0645\u0643\u0627\u0644\u0645\u0627\u062a \u062a\u0645 \u0627\u0644\u0627\u062a\u0635\u0627\u0644 \u0628\u0647\u0627\u060c \u064810 \u0645\u0643\u0627\u0644\u0645\u0627\u062a \u062a\u0645 \u0627\u0633\u062a\u0642\u0628\u0627\u0644\u0647\u0627\u060c \u064810 \u0645\u0643\u0627\u0644\u0645\u0627\u062a \u0641\u0627\u0626\u062a\u0629 10 \u0635\u0648\u0631 \u0645\u062d\u062f\u062f\u0629 \u0645\u0633\u0628\u0642\u064b\u0627\u060c \u0648\u0642\u0648\u0627\u0644\u0628 \u0631\u0633\u0627\u0626\u0644 \u0646\u0635\u064a\u0629 \u0642\u0635\u064a\u0631\u0629 \u0642\u0627\u0628\u0644\u0629 \u0644\u0644\u0627\u0633\u062a\u0628\u062f\u0627\u0644<\/p>\n<p>&#8211; \u0643\u0627\u0645\u064a\u0631\u0627: \u0644\u0627<br \/>&#8211; \u0627\u0644\u0627\u062a\u0635\u0627\u0644\u0627\u062a:<br \/>* (WLAN \u0628\u0644\u0648\u062a\u0648\u062b \u0628\u0644\u0648\u062a\u0648\u062b GPS): \u0644\u0627<br \/>* \u0645\u0646\u0641\u0630 \u0627\u0644\u0623\u0634\u0639\u0629 \u062a\u062d\u062a \u0627\u0644\u062d\u0645\u0631\u0627\u0621: \u0646\u0639\u0645<br \/>* \u0627\u0644\u0631\u0627\u062f\u064a\u0648: \u0631\u0627\u062f\u064a\u0648 \u0633\u062a\u064a\u0631\u064a\u0648 FM<\/p>\n<p>&#8211; \u0627\u0644\u0628\u0637\u0627\u0631\u064a\u0629: <br \/>* \u0627\u0644\u0646\u0648\u0639: \u0628\u0637\u0627\u0631\u064a\u0629 \u0644\u064a\u062b\u064a\u0648\u0645 \u0623\u064a\u0648\u0646 1000 \u0645\u0644\u0644\u064a \u0623\u0645\u0628\u064a\u0631 \u0642\u0627\u0628\u0644\u0629 \u0644\u0644\u0625\u0632\u0627\u0644\u0629 (BLC-2)<br \/>* \u0648\u0636\u0639 \u0627\u0644\u0627\u0633\u062a\u0639\u062f\u0627\u062f: \u062d\u062a\u0649 168 &#8211; 360 \u0633\u0627\u0639\u0629<br \/>* \u0648\u0642\u062a \u0627\u0644\u062a\u062d\u062f\u062b: \u062d\u062a\u0649 3 &#8211; 7 \u0633\u0627\u0639\u0627\u062a<\/p>\n","protected":false},"excerpt":{"rendered":"<p>&#8211; \u0627\u0644\u0639\u0644\u0627\u0645\u0629 \u0627\u0644\u062a\u062c\u0627\u0631\u064a\u0629: \u0646\u0648\u0643\u064a\u0627<br \/>&#8211; \u0627\u0644\u0628\u0637\u0627\u0631\u064a\u0629: 1000 \u0645\u0644\u0644\u064a \u0623\u0645\u0628\u064a\u0631<br \/>&#8211; \u0648\u0642\u062a \u0627\u0644\u062a\u062d\u062f\u062b: \u062d\u062a\u0649 3 &#8211; 7 \u0633\u0627\u0639\u0627\u062a<br \/>&#8211; \u062f\u0644\u064a\u0644 \u0627\u0644\u0647\u0627\u062a\u0641: 300<br \/>&#8211; \u0634\u0631\u064a\u062d\u0629 SIM: \u0634\u0631\u064a\u062d\u0629 \u0635\u063a\u064a\u0631\u0629 <br \/>&#8211; \u0627\u0644\u0648\u0632\u0646: 122 \u062c\u0645 (4.30 \u0623\u0648\u0642\u064a\u0629)<\/p>\n","protected":false},"featured_media":5774,"comment_status":"open","ping_status":"open","template":"","meta":{"_acf_changed":false,"_joinchat":[]},"pwb-brand":[707],"product_brand":[705],"product_cat":[1056],"product_tag":[],"class_list":{"0":"post-5773","1":"product","2":"type-product","3":"status-publish","4":"has-post-thumbnail","6":"pwb-brand-nokia-2","7":"product_brand-nokia","8":"product_cat-used-mobiles-2","9":"pa_is-featured-0-6","10":"pa_is-featured-1-0-8","11":"pa_is-used-item-0-9","12":"pa_product-image-size-0-7","13":"pa_product-page-type-default-ar","14":"pa_sale-0-ar","16":"first","17":"instock","18":"taxable","19":"shipping-taxable","20":"purchasable","21":"product-type-simple"},"acf":[],"yoast_head":"<!-- This site is optimized with the Yoast SEO plugin v27.3 - https:\/\/yoast.com\/product\/yoast-seo-wordpress\/ -->\n<title>\u0646\u0648\u0643\u064a\u0627 6800 \u0645\u0633\u062a\u0639\u0645\u0644 | \u0633\u0639\u0631 \u0646\u0648\u0643\u064a\u0627 6800 \u0645\u0633\u062a\u0639\u0645\u0644 \u0641\u064a \u0639\u064f\u0645\u0627\u0646 2024 | \u0627\u0634\u062a\u0631 \u0627\u0644\u0622\u0646 \u0646\u0648\u0643\u064a\u0627 6800 \u0645\u0633\u062a\u0639\u0645\u0644 \u0645\u0646 \u0645\u062a\u062c\u0631 \u0643\u0644\u064a\u0648\u0628\u0627\u062a\u0631\u0627 \u0639\u064f\u0645\u0627\u0646 \u0628\u0623\u0641\u0636\u0644 \u0627\u0644\u0623\u0633\u0639\u0627\u0631<\/title>\n<meta name=\"description\" content=\"\u0633\u0639\u0631 \u0646\u0648\u0643\u064a\u0627 6800 |\u062a\u0639\u0631\u0641 \u0639\u0644\u0649 \u0633\u0639\u0631 \u0646\u0648\u0643\u064a\u0627 6800 \u0641\u064a \u0639\u064f\u0645\u0627\u0646 2024 | \u0627\u0639\u062b\u0631 \u0639\u0644\u0649 \u0633\u0639\u0631 \u0646\u0648\u0643\u064a\u0627 6800 \u0645\u062d\u062f\u062b \u0641\u064a \u0639\u064f\u0645\u0627\u0646 \u0645\u0639 \u0627\u0644\u0645\u0648\u0627\u0635\u0641\u0627\u062a \u0648\u0627\u0644\u0645\u064a\u0632\u0627\u062a \u0627\u0644\u062a\u0641\u0635\u064a\u0644\u064a\u0629\" \/>\n<meta name=\"robots\" content=\"index, follow, max-snippet:-1, max-image-preview:large, max-video-preview:-1\" \/>\n<link rel=\"canonical\" href=\"https:\/\/cleopatraweb.com\/ar\/product\/nokia-6800-2\/\" \/>\n<meta property=\"og:locale\" content=\"ar_AR\" \/>\n<meta property=\"og:type\" content=\"article\" \/>\n<meta property=\"og:title\" content=\"\u0646\u0648\u0643\u064a\u0627 6800 \u0645\u0633\u062a\u0639\u0645\u0644 | \u0633\u0639\u0631 \u0646\u0648\u0643\u064a\u0627 6800 \u0645\u0633\u062a\u0639\u0645\u0644 \u0641\u064a \u0639\u064f\u0645\u0627\u0646 2024 | \u0627\u0634\u062a\u0631 \u0627\u0644\u0622\u0646 \u0646\u0648\u0643\u064a\u0627 6800 \u0645\u0633\u062a\u0639\u0645\u0644 \u0645\u0646 \u0645\u062a\u062c\u0631 \u0643\u0644\u064a\u0648\u0628\u0627\u062a\u0631\u0627 \u0639\u064f\u0645\u0627\u0646 \u0628\u0623\u0641\u0636\u0644 \u0627\u0644\u0623\u0633\u0639\u0627\u0631\" \/>\n<meta property=\"og:description\" content=\"\u0633\u0639\u0631 \u0646\u0648\u0643\u064a\u0627 6800 |\u062a\u0639\u0631\u0641 \u0639\u0644\u0649 \u0633\u0639\u0631 \u0646\u0648\u0643\u064a\u0627 6800 \u0641\u064a \u0639\u064f\u0645\u0627\u0646 2024 | \u0627\u0639\u062b\u0631 \u0639\u0644\u0649 \u0633\u0639\u0631 \u0646\u0648\u0643\u064a\u0627 6800 \u0645\u062d\u062f\u062b \u0641\u064a \u0639\u064f\u0645\u0627\u0646 \u0645\u0639 \u0627\u0644\u0645\u0648\u0627\u0635\u0641\u0627\u062a \u0648\u0627\u0644\u0645\u064a\u0632\u0627\u062a \u0627\u0644\u062a\u0641\u0635\u064a\u0644\u064a\u0629\" \/>\n<meta property=\"og:url\" content=\"https:\/\/cleopatraweb.com\/ar\/product\/nokia-6800-2\/\" \/>\n<meta property=\"og:site_name\" content=\"\u0643\u0644\u064a\u0648\u0628\u0627\u062a\u0631\u0627 \u0639\u0645\u0627\u0646 \u0627\u0644\u062a\u0633\u0648\u0642 \u0639\u0628\u0631 \u0627\u0644\u0625\u0646\u062a\u0631\u0646\u062a \u0639\u0645\u0627\u0646\" \/>\n<meta property=\"article:publisher\" content=\"https:\/\/www.facebook.com\/cleopatrawebstore\" \/>\n<meta property=\"article:modified_time\" content=\"2025-09-17T13:25:56+00:00\" \/>\n<meta property=\"og:image\" content=\"https:\/\/cleopatraweb.com\/wp-content\/uploads\/2020\/04\/products-nokia_6800-1.jpg\" \/>\n\t<meta property=\"og:image:width\" content=\"800\" \/>\n\t<meta property=\"og:image:height\" content=\"800\" \/>\n\t<meta property=\"og:image:type\" content=\"image\/jpeg\" \/>\n<meta name=\"twitter:card\" content=\"summary_large_image\" \/>\n<meta name=\"twitter:site\" content=\"@Cleopatra_Web\" \/>\n<script type=\"application\/ld+json\" class=\"yoast-schema-graph\">{\"@context\":\"https:\\\/\\\/schema.org\",\"@graph\":[{\"@type\":\"WebPage\",\"@id\":\"https:\\\/\\\/cleopatraweb.com\\\/ar\\\/product\\\/nokia-6800-2\\\/\",\"url\":\"https:\\\/\\\/cleopatraweb.com\\\/ar\\\/product\\\/nokia-6800-2\\\/\",\"name\":\"\u0646\u0648\u0643\u064a\u0627 6800 \u0645\u0633\u062a\u0639\u0645\u0644 | \u0633\u0639\u0631 \u0646\u0648\u0643\u064a\u0627 6800 \u0645\u0633\u062a\u0639\u0645\u0644 \u0641\u064a \u0639\u064f\u0645\u0627\u0646 2024 | \u0627\u0634\u062a\u0631 \u0627\u0644\u0622\u0646 \u0646\u0648\u0643\u064a\u0627 6800 \u0645\u0633\u062a\u0639\u0645\u0644 \u0645\u0646 \u0645\u062a\u062c\u0631 \u0643\u0644\u064a\u0648\u0628\u0627\u062a\u0631\u0627 \u0639\u064f\u0645\u0627\u0646 \u0628\u0623\u0641\u0636\u0644 \u0627\u0644\u0623\u0633\u0639\u0627\u0631\",\"isPartOf\":{\"@id\":\"https:\\\/\\\/cleopatraweb.com\\\/ar\\\/#website\"},\"primaryImageOfPage\":{\"@id\":\"https:\\\/\\\/cleopatraweb.com\\\/ar\\\/product\\\/nokia-6800-2\\\/#primaryimage\"},\"image\":{\"@id\":\"https:\\\/\\\/cleopatraweb.com\\\/ar\\\/product\\\/nokia-6800-2\\\/#primaryimage\"},\"thumbnailUrl\":\"https:\\\/\\\/cleopatraweb.com\\\/wp-content\\\/uploads\\\/2020\\\/04\\\/products-nokia_6800-1.jpg\",\"datePublished\":\"2020-04-22T16:22:32+00:00\",\"dateModified\":\"2025-09-17T13:25:56+00:00\",\"description\":\"\u0633\u0639\u0631 \u0646\u0648\u0643\u064a\u0627 6800 |\u062a\u0639\u0631\u0641 \u0639\u0644\u0649 \u0633\u0639\u0631 \u0646\u0648\u0643\u064a\u0627 6800 \u0641\u064a \u0639\u064f\u0645\u0627\u0646 2024 | \u0627\u0639\u062b\u0631 \u0639\u0644\u0649 \u0633\u0639\u0631 \u0646\u0648\u0643\u064a\u0627 6800 \u0645\u062d\u062f\u062b \u0641\u064a \u0639\u064f\u0645\u0627\u0646 \u0645\u0639 \u0627\u0644\u0645\u0648\u0627\u0635\u0641\u0627\u062a \u0648\u0627\u0644\u0645\u064a\u0632\u0627\u062a \u0627\u0644\u062a\u0641\u0635\u064a\u0644\u064a\u0629\",\"breadcrumb\":{\"@id\":\"https:\\\/\\\/cleopatraweb.com\\\/ar\\\/product\\\/nokia-6800-2\\\/#breadcrumb\"},\"inLanguage\":\"ar\",\"potentialAction\":[{\"@type\":\"ReadAction\",\"target\":[\"https:\\\/\\\/cleopatraweb.com\\\/ar\\\/product\\\/nokia-6800-2\\\/\"]}]},{\"@type\":\"ImageObject\",\"inLanguage\":\"ar\",\"@id\":\"https:\\\/\\\/cleopatraweb.com\\\/ar\\\/product\\\/nokia-6800-2\\\/#primaryimage\",\"url\":\"https:\\\/\\\/cleopatraweb.com\\\/wp-content\\\/uploads\\\/2020\\\/04\\\/products-nokia_6800-1.jpg\",\"contentUrl\":\"https:\\\/\\\/cleopatraweb.com\\\/wp-content\\\/uploads\\\/2020\\\/04\\\/products-nokia_6800-1.jpg\",\"width\":800,\"height\":800,\"caption\":\"\u0646\u0648\u0643\u064a\u0627 6800\"},{\"@type\":\"BreadcrumbList\",\"@id\":\"https:\\\/\\\/cleopatraweb.com\\\/ar\\\/product\\\/nokia-6800-2\\\/#breadcrumb\",\"itemListElement\":[{\"@type\":\"ListItem\",\"position\":1,\"name\":\"\u0627\u0644\u0635\u0641\u062d\u0629 \u0627\u0644\u0631\u0626\u064a\u0633\u064a\u0629\",\"item\":\"https:\\\/\\\/cleopatraweb.com\\\/ar\\\/\"},{\"@type\":\"ListItem\",\"position\":2,\"name\":\"\u0627\u0644\u0633\u0648\u0642\",\"item\":\"https:\\\/\\\/cleopatraweb.com\\\/ar\\\/%d8%a7%d9%84%d8%b3%d9%88%d9%82\\\/\"},{\"@type\":\"ListItem\",\"position\":3,\"name\":\"\u0646\u0648\u0643\u064a\u0627 6800 \u0645\u0633\u062a\u0639\u0645\u0644\u0629\"}]},{\"@type\":\"WebSite\",\"@id\":\"https:\\\/\\\/cleopatraweb.com\\\/ar\\\/#website\",\"url\":\"https:\\\/\\\/cleopatraweb.com\\\/ar\\\/\",\"name\":\"Cleopatra Best Online Shopping Oman\",\"description\":\"Best Online Shopping in Oman\",\"publisher\":{\"@id\":\"https:\\\/\\\/cleopatraweb.com\\\/ar\\\/#organization\"},\"potentialAction\":[{\"@type\":\"SearchAction\",\"target\":{\"@type\":\"EntryPoint\",\"urlTemplate\":\"https:\\\/\\\/cleopatraweb.com\\\/ar\\\/?s={search_term_string}\"},\"query-input\":{\"@type\":\"PropertyValueSpecification\",\"valueRequired\":true,\"valueName\":\"search_term_string\"}}],\"inLanguage\":\"ar\"},{\"@type\":\"Organization\",\"@id\":\"https:\\\/\\\/cleopatraweb.com\\\/ar\\\/#organization\",\"name\":\"Cleopatra Oman Online Shopping Oman\",\"url\":\"https:\\\/\\\/cleopatraweb.com\\\/ar\\\/\",\"logo\":{\"@type\":\"ImageObject\",\"inLanguage\":\"ar\",\"@id\":\"https:\\\/\\\/cleopatraweb.com\\\/ar\\\/#\\\/schema\\\/logo\\\/image\\\/\",\"url\":\"https:\\\/\\\/cleopatraweb.com\\\/wp-content\\\/uploads\\\/2024\\\/11\\\/logo.png\",\"contentUrl\":\"https:\\\/\\\/cleopatraweb.com\\\/wp-content\\\/uploads\\\/2024\\\/11\\\/logo.png\",\"width\":290,\"height\":76,\"caption\":\"Cleopatra Oman Online Shopping Oman\"},\"image\":{\"@id\":\"https:\\\/\\\/cleopatraweb.com\\\/ar\\\/#\\\/schema\\\/logo\\\/image\\\/\"},\"sameAs\":[\"https:\\\/\\\/www.facebook.com\\\/cleopatrawebstore\",\"https:\\\/\\\/x.com\\\/Cleopatra_Web\",\"https:\\\/\\\/www.instagram.com\\\/cleopatraweb\\\/\",\"https:\\\/\\\/www.youtube.com\\\/channel\\\/UCbieuvlmnrlNTtV6ZVTuPPA\"]}]}<\/script>\n<!-- \/ Yoast SEO plugin. -->","yoast_head_json":{"title":"\u0646\u0648\u0643\u064a\u0627 6800 \u0645\u0633\u062a\u0639\u0645\u0644 | \u0633\u0639\u0631 \u0646\u0648\u0643\u064a\u0627 6800 \u0645\u0633\u062a\u0639\u0645\u0644 \u0641\u064a \u0639\u064f\u0645\u0627\u0646 2024 | \u0627\u0634\u062a\u0631 \u0627\u0644\u0622\u0646 \u0646\u0648\u0643\u064a\u0627 6800 \u0645\u0633\u062a\u0639\u0645\u0644 \u0645\u0646 \u0645\u062a\u062c\u0631 \u0643\u0644\u064a\u0648\u0628\u0627\u062a\u0631\u0627 \u0639\u064f\u0645\u0627\u0646 \u0628\u0623\u0641\u0636\u0644 \u0627\u0644\u0623\u0633\u0639\u0627\u0631","description":"\u0633\u0639\u0631 \u0646\u0648\u0643\u064a\u0627 6800 |\u062a\u0639\u0631\u0641 \u0639\u0644\u0649 \u0633\u0639\u0631 \u0646\u0648\u0643\u064a\u0627 6800 \u0641\u064a \u0639\u064f\u0645\u0627\u0646 2024 | \u0627\u0639\u062b\u0631 \u0639\u0644\u0649 \u0633\u0639\u0631 \u0646\u0648\u0643\u064a\u0627 6800 \u0645\u062d\u062f\u062b \u0641\u064a \u0639\u064f\u0645\u0627\u0646 \u0645\u0639 \u0627\u0644\u0645\u0648\u0627\u0635\u0641\u0627\u062a \u0648\u0627\u0644\u0645\u064a\u0632\u0627\u062a \u0627\u0644\u062a\u0641\u0635\u064a\u0644\u064a\u0629","robots":{"index":"index","follow":"follow","max-snippet":"max-snippet:-1","max-image-preview":"max-image-preview:large","max-video-preview":"max-video-preview:-1"},"canonical":"https:\/\/cleopatraweb.com\/ar\/product\/nokia-6800-2\/","og_locale":"ar_AR","og_type":"article","og_title":"\u0646\u0648\u0643\u064a\u0627 6800 \u0645\u0633\u062a\u0639\u0645\u0644 | \u0633\u0639\u0631 \u0646\u0648\u0643\u064a\u0627 6800 \u0645\u0633\u062a\u0639\u0645\u0644 \u0641\u064a \u0639\u064f\u0645\u0627\u0646 2024 | \u0627\u0634\u062a\u0631 \u0627\u0644\u0622\u0646 \u0646\u0648\u0643\u064a\u0627 6800 \u0645\u0633\u062a\u0639\u0645\u0644 \u0645\u0646 \u0645\u062a\u062c\u0631 \u0643\u0644\u064a\u0648\u0628\u0627\u062a\u0631\u0627 \u0639\u064f\u0645\u0627\u0646 \u0628\u0623\u0641\u0636\u0644 \u0627\u0644\u0623\u0633\u0639\u0627\u0631","og_description":"\u0633\u0639\u0631 \u0646\u0648\u0643\u064a\u0627 6800 |\u062a\u0639\u0631\u0641 \u0639\u0644\u0649 \u0633\u0639\u0631 \u0646\u0648\u0643\u064a\u0627 6800 \u0641\u064a \u0639\u064f\u0645\u0627\u0646 2024 | \u0627\u0639\u062b\u0631 \u0639\u0644\u0649 \u0633\u0639\u0631 \u0646\u0648\u0643\u064a\u0627 6800 \u0645\u062d\u062f\u062b \u0641\u064a \u0639\u064f\u0645\u0627\u0646 \u0645\u0639 \u0627\u0644\u0645\u0648\u0627\u0635\u0641\u0627\u062a \u0648\u0627\u0644\u0645\u064a\u0632\u0627\u062a \u0627\u0644\u062a\u0641\u0635\u064a\u0644\u064a\u0629","og_url":"https:\/\/cleopatraweb.com\/ar\/product\/nokia-6800-2\/","og_site_name":"\u0643\u0644\u064a\u0648\u0628\u0627\u062a\u0631\u0627 \u0639\u0645\u0627\u0646 \u0627\u0644\u062a\u0633\u0648\u0642 \u0639\u0628\u0631 \u0627\u0644\u0625\u0646\u062a\u0631\u0646\u062a \u0639\u0645\u0627\u0646","article_publisher":"https:\/\/www.facebook.com\/cleopatrawebstore","article_modified_time":"2025-09-17T13:25:56+00:00","og_image":[{"width":800,"height":800,"url":"https:\/\/cleopatraweb.com\/wp-content\/uploads\/2020\/04\/products-nokia_6800-1.jpg","type":"image\/jpeg"}],"twitter_card":"summary_large_image","twitter_site":"@Cleopatra_Web","schema":{"@context":"https:\/\/schema.org","@graph":[{"@type":"WebPage","@id":"https:\/\/cleopatraweb.com\/ar\/product\/nokia-6800-2\/","url":"https:\/\/cleopatraweb.com\/ar\/product\/nokia-6800-2\/","name":"\u0646\u0648\u0643\u064a\u0627 6800 \u0645\u0633\u062a\u0639\u0645\u0644 | \u0633\u0639\u0631 \u0646\u0648\u0643\u064a\u0627 6800 \u0645\u0633\u062a\u0639\u0645\u0644 \u0641\u064a \u0639\u064f\u0645\u0627\u0646 2024 | \u0627\u0634\u062a\u0631 \u0627\u0644\u0622\u0646 \u0646\u0648\u0643\u064a\u0627 6800 \u0645\u0633\u062a\u0639\u0645\u0644 \u0645\u0646 \u0645\u062a\u062c\u0631 \u0643\u0644\u064a\u0648\u0628\u0627\u062a\u0631\u0627 \u0639\u064f\u0645\u0627\u0646 \u0628\u0623\u0641\u0636\u0644 \u0627\u0644\u0623\u0633\u0639\u0627\u0631","isPartOf":{"@id":"https:\/\/cleopatraweb.com\/ar\/#website"},"primaryImageOfPage":{"@id":"https:\/\/cleopatraweb.com\/ar\/product\/nokia-6800-2\/#primaryimage"},"image":{"@id":"https:\/\/cleopatraweb.com\/ar\/product\/nokia-6800-2\/#primaryimage"},"thumbnailUrl":"https:\/\/cleopatraweb.com\/wp-content\/uploads\/2020\/04\/products-nokia_6800-1.jpg","datePublished":"2020-04-22T16:22:32+00:00","dateModified":"2025-09-17T13:25:56+00:00","description":"\u0633\u0639\u0631 \u0646\u0648\u0643\u064a\u0627 6800 |\u062a\u0639\u0631\u0641 \u0639\u0644\u0649 \u0633\u0639\u0631 \u0646\u0648\u0643\u064a\u0627 6800 \u0641\u064a \u0639\u064f\u0645\u0627\u0646 2024 | \u0627\u0639\u062b\u0631 \u0639\u0644\u0649 \u0633\u0639\u0631 \u0646\u0648\u0643\u064a\u0627 6800 \u0645\u062d\u062f\u062b \u0641\u064a \u0639\u064f\u0645\u0627\u0646 \u0645\u0639 \u0627\u0644\u0645\u0648\u0627\u0635\u0641\u0627\u062a \u0648\u0627\u0644\u0645\u064a\u0632\u0627\u062a \u0627\u0644\u062a\u0641\u0635\u064a\u0644\u064a\u0629","breadcrumb":{"@id":"https:\/\/cleopatraweb.com\/ar\/product\/nokia-6800-2\/#breadcrumb"},"inLanguage":"ar","potentialAction":[{"@type":"ReadAction","target":["https:\/\/cleopatraweb.com\/ar\/product\/nokia-6800-2\/"]}]},{"@type":"ImageObject","inLanguage":"ar","@id":"https:\/\/cleopatraweb.com\/ar\/product\/nokia-6800-2\/#primaryimage","url":"https:\/\/cleopatraweb.com\/wp-content\/uploads\/2020\/04\/products-nokia_6800-1.jpg","contentUrl":"https:\/\/cleopatraweb.com\/wp-content\/uploads\/2020\/04\/products-nokia_6800-1.jpg","width":800,"height":800,"caption":"\u0646\u0648\u0643\u064a\u0627 6800"},{"@type":"BreadcrumbList","@id":"https:\/\/cleopatraweb.com\/ar\/product\/nokia-6800-2\/#breadcrumb","itemListElement":[{"@type":"ListItem","position":1,"name":"\u0627\u0644\u0635\u0641\u062d\u0629 \u0627\u0644\u0631\u0626\u064a\u0633\u064a\u0629","item":"https:\/\/cleopatraweb.com\/ar\/"},{"@type":"ListItem","position":2,"name":"\u0627\u0644\u0633\u0648\u0642","item":"https:\/\/cleopatraweb.com\/ar\/%d8%a7%d9%84%d8%b3%d9%88%d9%82\/"},{"@type":"ListItem","position":3,"name":"\u0646\u0648\u0643\u064a\u0627 6800 \u0645\u0633\u062a\u0639\u0645\u0644\u0629"}]},{"@type":"WebSite","@id":"https:\/\/cleopatraweb.com\/ar\/#website","url":"https:\/\/cleopatraweb.com\/ar\/","name":"Cleopatra Best Online Shopping Oman","description":"Best Online Shopping in Oman","publisher":{"@id":"https:\/\/cleopatraweb.com\/ar\/#organization"},"potentialAction":[{"@type":"SearchAction","target":{"@type":"EntryPoint","urlTemplate":"https:\/\/cleopatraweb.com\/ar\/?s={search_term_string}"},"query-input":{"@type":"PropertyValueSpecification","valueRequired":true,"valueName":"search_term_string"}}],"inLanguage":"ar"},{"@type":"Organization","@id":"https:\/\/cleopatraweb.com\/ar\/#organization","name":"Cleopatra Oman Online Shopping Oman","url":"https:\/\/cleopatraweb.com\/ar\/","logo":{"@type":"ImageObject","inLanguage":"ar","@id":"https:\/\/cleopatraweb.com\/ar\/#\/schema\/logo\/image\/","url":"https:\/\/cleopatraweb.com\/wp-content\/uploads\/2024\/11\/logo.png","contentUrl":"https:\/\/cleopatraweb.com\/wp-content\/uploads\/2024\/11\/logo.png","width":290,"height":76,"caption":"Cleopatra Oman Online Shopping Oman"},"image":{"@id":"https:\/\/cleopatraweb.com\/ar\/#\/schema\/logo\/image\/"},"sameAs":["https:\/\/www.facebook.com\/cleopatrawebstore","https:\/\/x.com\/Cleopatra_Web","https:\/\/www.instagram.com\/cleopatraweb\/","https:\/\/www.youtube.com\/channel\/UCbieuvlmnrlNTtV6ZVTuPPA"]}]}},"brands":[{"id":707,"name":"Nokia","slug":"nokia-2"}],"_links":{"self":[{"href":"https:\/\/cleopatraweb.com\/ar\/wp-json\/wp\/v2\/product\/5773","targetHints":{"allow":["GET"]}}],"collection":[{"href":"https:\/\/cleopatraweb.com\/ar\/wp-json\/wp\/v2\/product"}],"about":[{"href":"https:\/\/cleopatraweb.com\/ar\/wp-json\/wp\/v2\/types\/product"}],"replies":[{"embeddable":true,"href":"https:\/\/cleopatraweb.com\/ar\/wp-json\/wp\/v2\/comments?post=5773"}],"wp:featuredmedia":[{"embeddable":true,"href":"https:\/\/cleopatraweb.com\/ar\/wp-json\/wp\/v2\/media\/5774"}],"wp:attachment":[{"href":"https:\/\/cleopatraweb.com\/ar\/wp-json\/wp\/v2\/media?parent=5773"}],"wp:term":[{"taxonomy":"pwb-brand","embeddable":true,"href":"https:\/\/cleopatraweb.com\/ar\/wp-json\/wp\/v2\/pwb-brand?post=5773"},{"taxonomy":"product_brand","embeddable":true,"href":"https:\/\/cleopatraweb.com\/ar\/wp-json\/wp\/v2\/product_brand?post=5773"},{"taxonomy":"product_cat","embeddable":true,"href":"https:\/\/cleopatraweb.com\/ar\/wp-json\/wp\/v2\/product_cat?post=5773"},{"taxonomy":"product_tag","embeddable":true,"href":"https:\/\/cleopatraweb.com\/ar\/wp-json\/wp\/v2\/product_tag?post=5773"}],"curies":[{"name":"wp","href":"https:\/\/api.w.org\/{rel}","templated":true}]}}